{"id":3825,"date":"2019-12-18T17:33:35","date_gmt":"2019-12-18T16:33:35","guid":{"rendered":"https:\/\/ekitiz.shop\/produit\/micro-casque-sans-fil-jabra-engage-75\/"},"modified":"2022-04-05T18:41:38","modified_gmt":"2022-04-05T16:41:38","slug":"micro-casque-sans-fil-jabra-engage-75","status":"publish","type":"product","link":"https:\/\/ekitiz.shop\/en\/product\/micro-casque-sans-fil-jabra-engage-75\/","title":{"rendered":"Micro Casque Sans fil Jabra Engage 75"},"content":{"rendered":"<div id=\"hsx-rpp-bullet-fits-message\" class=\"aok-hidden\">\n<div class=\"a-box a-alert-inline a-alert-inline-success hsx-rpp-fitment-bullets\">\n<div class=\"a-box-inner a-alert-container\">\n<p>&nbsp;<\/p>\n<div class=\"a-alert-content\">Ceci est adapt\u00e9 \u00e0 votre\u00a0.<\/div>\n<\/div>\n<\/div>\n<\/div>\n<ul class=\"a-unordered-list a-vertical a-spacing-none\">\n<li style=\"list-style-type: none;\">\n<ul class=\"a-unordered-list a-vertical a-spacing-none\">\n<li id=\"replacementPartsFitmentBullet\" class=\"aok-hidden\" data-doesntfitmessage=\"Aucune information trouv\u00e9e sur cette pi\u00e8ce pour \" data-fitsmessage=\"Ceci est adapt\u00e9 \u00e0 votre \"><span class=\"a-list-item\"> <span id=\"replacementPartsFitmentBulletInner\"> <a class=\"a-link-normal hsx-rpp-fitment-focus\" href=\"#\">Cliquez-ici pour vous assurer de la compatibilit\u00e9<\/a> de ce produit avec votre mod\u00e8le <\/span> <\/span><\/li>\n<\/ul>\n<\/li>\n<\/ul>\n<p><script type=\"text\/javascript\"> P.when(\"ReplacementPartsBulletLoader\").execute(function(module){ module.initializeDPX(); }) <\/script><\/p>\n<ul class=\"a-unordered-list a-vertical a-spacing-none\">\n<li><span class=\"a-list-item\"> Ne manquez plus aucun appel;B\u00e9n\u00e9ficiez d&rsquo;une connectivit\u00e9 sans fil sup\u00e9rieure allant jusqu&rsquo;\u00e0 150\u00a0m et d&rsquo;une autonomie de batterie d&rsquo;une journ\u00e9e compl\u00e8te <\/span><\/li>\n<li><span class=\"a-list-item\"> Des appels d&rsquo;une grande clart\u00e9, m\u00eame dans les environnements les plus bruyants; Microphone \u00e0 r\u00e9duction de bruit avanc\u00e9 et haut-parleurs optimis\u00e9s con\u00e7us pour des appels d\u2019une grande clart\u00e9, m\u00eame dans les bureaux les plus bruyants; R\u00e9pond aux exigences de Skype for Business Open Office <\/span><\/li>\n<li><span class=\"a-list-item\"> Concentrez-vous sur les besoins de votre interlocuteur; Le voyant d&rsquo;occupation int\u00e9gr\u00e9 indique \u00e0 vos coll\u00e8gues lorsque vous ne souhaitez pas \u00eatre d\u00e9rang\u00e9, ce qui vous \u00e9vite d&rsquo;\u00eatre interrompu inutilement <\/span><\/li>\n<li><span class=\"a-list-item\"> Prenez vos appels depuis jusqu&rsquo;\u00e0 cinq appareils;Votre micro-casque vous aide \u00e0 optimiser votre disponibilit\u00e9; Vous pouvez connecter jusqu&rsquo;\u00e0 5 appareils simultan\u00e9ment (t\u00e9l\u00e9phone fixe, softphone, smartphone\/tablette, etc) <\/span><\/li>\n<li><span class=\"a-list-item\"> Choisissez le mod\u00e8le le plus adapt\u00e9 \u00e0 votre style de travail;Avec ses mod\u00e8les st\u00e9r\u00e9o, mono et convertible ultra l\u00e9ger, vous pouvez choisir entre plusieurs styles de maintien <\/span><\/li>\n<\/ul>\n<!--themify_builder_content-->\n<div id=\"themify_builder_content-3825\" data-postid=\"3825\" class=\"themify_builder_content themify_builder_content-3825 themify_builder tf_clear\">\n    <\/div>\n<!--\/themify_builder_content-->\n<!-- AddThis Advanced Settings generic via filter on the_content --><!-- AddThis Share Buttons generic via filter on the_content -->","protected":false},"excerpt":{"rendered":"<p class=\"ng-scope\"><span class=\"ng-binding\">Con\u00e7ue pour \u00eatre la gamme de micro-casques sans fil professionnels la plus performante du march\u00e9.<\/span>*<\/p>\n<ul class=\"ksp-top__list ng-scope\">\n<li class=\"ksp-top__icon icon__icon-checkmark\">Les meilleures performances sans fil et de densit\u00e9 du march\u00e9.<\/li>\n<li class=\"ksp-top__icon icon__icon-checkmark\">Microphone \u00e0 r\u00e9duction de bruit avanc\u00e9 pour des appels d\u2019une grande clart\u00e9.<\/li>\n<li class=\"ksp-top__icon icon__icon-checkmark\">Autonomie de conversation d&rsquo;une journ\u00e9e compl\u00e8te et voyant Busylight int\u00e9gr\u00e9.<\/li>\n<\/ul>\n<p><!-- AddThis Advanced Settings generic via filter on get_the_excerpt --><!-- AddThis Share Buttons generic via filter on get_the_excerpt --><\/p>","protected":false},"featured_media":3826,"comment_status":"closed","ping_status":"closed","template":"","meta":{"pmpro_default_level":""},"product_brand":[],"product_cat":[30],"product_tag":[33],"class_list":{"0":"post-3825","1":"product","2":"type-product","3":"status-publish","4":"has-post-thumbnail","6":"product_cat-accessoires-solution-de-productivite","7":"product_tag-jabra","8":"pmpro-has-access","9":"has-post-title","10":"has-post-date","11":"has-post-category","12":"has-post-tag","13":"has-post-comment","14":"has-post-author","15":"","17":"first","18":"instock","19":"purchasable","20":"product-type-simple"},"jetpack_sharing_enabled":true,"builder_content":"","_links":{"self":[{"href":"https:\/\/ekitiz.shop\/en\/wp-json\/wp\/v2\/product\/3825"}],"collection":[{"href":"https:\/\/ekitiz.shop\/en\/wp-json\/wp\/v2\/product"}],"about":[{"href":"https:\/\/ekitiz.shop\/en\/wp-json\/wp\/v2\/types\/product"}],"replies":[{"embeddable":true,"href":"https:\/\/ekitiz.shop\/en\/wp-json\/wp\/v2\/comments?post=3825"}],"wp:featuredmedia":[{"embeddable":true,"href":"https:\/\/ekitiz.shop\/en\/wp-json\/wp\/v2\/media\/3826"}],"wp:attachment":[{"href":"https:\/\/ekitiz.shop\/en\/wp-json\/wp\/v2\/media?parent=3825"}],"wp:term":[{"taxonomy":"product_brand","embeddable":true,"href":"https:\/\/ekitiz.shop\/en\/wp-json\/wp\/v2\/product_brand?post=3825"},{"taxonomy":"product_cat","embeddable":true,"href":"https:\/\/ekitiz.shop\/en\/wp-json\/wp\/v2\/product_cat?post=3825"},{"taxonomy":"product_tag","embeddable":true,"href":"https:\/\/ekitiz.shop\/en\/wp-json\/wp\/v2\/product_tag?post=3825"}],"curies":[{"name":"wp","href":"https:\/\/api.w.org\/{rel}","templated":true}]}}