{"id":2785,"date":"2019-10-24T12:22:13","date_gmt":"2019-10-24T10:22:13","guid":{"rendered":"https:\/\/ekitiz.shop\/?post_type=product&#038;p=2785"},"modified":"2023-11-24T18:47:27","modified_gmt":"2023-11-24T22:47:27","slug":"kitz-cash-premium","status":"publish","type":"product","link":"https:\/\/ekitiz.shop\/en\/product\/kitz-cash-premium\/","title":{"rendered":"Kit&rsquo;z Cash Premium"},"content":{"rendered":"<p>La solution Kit\u2019z Cash totalement Int\u00e9gr\u00e9e au point de vente mPOP est la solution hybride Id\u00e9al, pour les<br \/>\ntablettes et les appareils mobiles qui combinent un tiroir-caisse compact avec 4 billets et 6 ou 8 emplacements<br \/>\nde monnaie r\u00e9glables et un p\u00e9riph\u00e9rique imprimante de re\u00e7us thermiques de deux pouces avec le chargement<br \/>\nde papier \u00ab Drop-In &amp; Print\u00bb., avec une connectivit\u00e9 Bluetooth et USB pratique, compact et \u00e9l\u00e9gant.<br \/>\nL&rsquo;espace cach\u00e9 sous le tiroir-monnaie amovible offre une s\u00e9curit\u00e9 suppl\u00e9mentaire pour les devises de grande<br \/>\nvaleur, les ch\u00e8ques de magasin et les bordereaux de carte de cr\u00e9dit. Pour plus de s\u00e9curit\u00e9, un support de base<br \/>\nverrouillable est inclus avec le mPOP pour assurer un montage fiable sur les plans de travail.<\/p>\n<p>\u2022 Abonnement annuel \u00e0 la solution Kit\u2019z Cash<br \/>\n\u2022 1 socle pour tablette (support S\u00e9curis\u00e9)<br \/>\n\u2022 1 tiroir-caisse de type MPOP <span id=\"productTitle\" class=\"a-size-large product-title-word-break\">Cash Drawer<\/span><\/p>\n<p>\u2022 1 imprimante \u00e0 ticket de type MPOP Printer<br \/>\n\u2022 1 imprimante pour le back office cuisine de type SP742<br \/>\n\u2022 1 afficheur Ecran de type MPOP SCD222<br \/>\n\u2022 1 douchette de type : BCR-POP1 WHT<br \/>\n\u2022 1 terminal de prise de commande de type Mobile NFC IP 67 ou \u00e9quivalent<br \/>\n\u2022 1 tablette Android \/ Ipad de type Galaxy Tab ou Ipad Pro<br \/>\n\u2022 Tierce Maintenance Applicative : Support \/ Maintenance \/ Formation<\/p>\n<!-- AddThis Advanced Settings generic via filter on the_content --><!-- AddThis Share Buttons generic via filter on the_content -->","protected":false},"excerpt":{"rendered":"<p><strong>Solution Mpop 39650111 &#8211; POP10-B1 WHT comprenant :<\/strong><\/p>\n<p>\u2022 Abonnement annuel \u00e0 la solution Kit\u2019z Cash<br \/>\n\u2022 1 socle + tablette (support S\u00e9curis\u00e9)<br \/>\n\u2022 1 tiroir-caisse de type MPOP <span id=\"productTitle\" class=\"a-size-large product-title-word-break\">Cash Drawer<br \/>\n<\/span>\u2022 1 imprimante \u00e0 ticket de type MPOP Printer<br \/>\n\u2022 Et plus&#8230;<!-- AddThis Advanced Settings generic via filter on get_the_excerpt --><!-- AddThis Share Buttons generic via filter on get_the_excerpt --><\/p>","protected":false},"featured_media":13142,"comment_status":"open","ping_status":"closed","template":"","meta":{"pmpro_default_level":""},"product_brand":[],"product_cat":[45],"product_tag":[],"class_list":{"0":"post-2785","1":"product","2":"type-product","3":"status-publish","4":"has-post-thumbnail","6":"product_cat-progiciel-de-gestion-kitz-cash","7":"pmpro-has-access","8":"has-post-title","9":"has-post-date","10":"has-post-category","11":"has-post-tag","12":"has-post-comment","13":"has-post-author","14":"","16":"first","17":"instock","18":"taxable","19":"shipping-taxable","20":"purchasable","21":"product-type-simple"},"jetpack_sharing_enabled":true,"builder_content":"","_links":{"self":[{"href":"https:\/\/ekitiz.shop\/en\/wp-json\/wp\/v2\/product\/2785"}],"collection":[{"href":"https:\/\/ekitiz.shop\/en\/wp-json\/wp\/v2\/product"}],"about":[{"href":"https:\/\/ekitiz.shop\/en\/wp-json\/wp\/v2\/types\/product"}],"replies":[{"embeddable":true,"href":"https:\/\/ekitiz.shop\/en\/wp-json\/wp\/v2\/comments?post=2785"}],"wp:featuredmedia":[{"embeddable":true,"href":"https:\/\/ekitiz.shop\/en\/wp-json\/wp\/v2\/media\/13142"}],"wp:attachment":[{"href":"https:\/\/ekitiz.shop\/en\/wp-json\/wp\/v2\/media?parent=2785"}],"wp:term":[{"taxonomy":"product_brand","embeddable":true,"href":"https:\/\/ekitiz.shop\/en\/wp-json\/wp\/v2\/product_brand?post=2785"},{"taxonomy":"product_cat","embeddable":true,"href":"https:\/\/ekitiz.shop\/en\/wp-json\/wp\/v2\/product_cat?post=2785"},{"taxonomy":"product_tag","embeddable":true,"href":"https:\/\/ekitiz.shop\/en\/wp-json\/wp\/v2\/product_tag?post=2785"}],"curies":[{"name":"wp","href":"https:\/\/api.w.org\/{rel}","templated":true}]}}