{"id":13276,"date":"2024-02-06T20:57:22","date_gmt":"2024-02-07T00:57:22","guid":{"rendered":"https:\/\/ekitiz.shop\/?post_type=product&#038;p=13276"},"modified":"2024-08-09T04:38:27","modified_gmt":"2024-08-09T08:38:27","slug":"housse-silicone-pax-a920-pro","status":"publish","type":"product","link":"https:\/\/ekitiz.shop\/en\/product\/housse-silicone-pax-a920-pro\/","title":{"rendered":"Housse Silicone PAX A920 Pro"},"content":{"rendered":"<p>Housse de protection en Silicone pour prot\u00e9ger votre Terminal de Paiement PAX A920 Pro<br \/>\nCet \u00e9tui de protection en caoutchouc est con\u00e7u sur mesure pour le Pax A920 Pro.\u00a0 Ne vous souciez plus des fissures, des rayures et des taches de graisse sur vos appareils. Nos \u00e9tuis en caoutchouc sont con\u00e7us pour prot\u00e9ger vos appareils et \u00e9conomiser votre argent.<\/p>\n<p>Il peut \u00eatre utilis\u00e9 avec la station d&rsquo;accueil d&rsquo;origine du terminal, de sorte qu&rsquo;il n&rsquo;est pas n\u00e9cessaire de l&rsquo;enlever pour recharger l&rsquo;appareil. L&rsquo;\u00e9tui est fabriqu\u00e9 en silicone \u00e9lastique qui prot\u00e8ge les parties les plus vuln\u00e9rables du bo\u00eetier du Pax A920 Pro.<\/p>\n<!-- AddThis Advanced Settings generic via filter on the_content --><!-- AddThis Share Buttons generic via filter on the_content -->","protected":false},"excerpt":{"rendered":"<p>Housse de protection en Silicone pour prot\u00e9ger votre Terminal de Paiement PAX A920 Pro<br \/>\nCet \u00e9tui de protection en caoutchouc est con\u00e7u sur mesure pour le Pax A920 Pro.\u00a0 Ne vous souciez plus des fissures, des rayures et des taches de graisse sur vos appareils. Nos \u00e9tuis en caoutchouc sont con\u00e7us pour prot\u00e9ger vos appareils et \u00e9conomiser votre argent.<!-- AddThis Advanced Settings generic via filter on get_the_excerpt --><!-- AddThis Share Buttons generic via filter on get_the_excerpt --><\/p>","protected":false},"featured_media":13277,"comment_status":"open","ping_status":"closed","template":"","meta":{"pmpro_default_level":""},"product_brand":[],"product_cat":[18],"product_tag":[],"class_list":{"0":"post-13276","1":"product","2":"type-product","3":"status-publish","4":"has-post-thumbnail","6":"product_cat-accessoires","7":"pmpro-has-access","8":"has-post-title","9":"has-post-date","10":"has-post-category","11":"has-post-tag","12":"has-post-comment","13":"has-post-author","14":"","16":"first","17":"outofstock","18":"taxable","19":"shipping-taxable","20":"purchasable","21":"product-type-simple"},"jetpack_sharing_enabled":true,"builder_content":"","_links":{"self":[{"href":"https:\/\/ekitiz.shop\/en\/wp-json\/wp\/v2\/product\/13276"}],"collection":[{"href":"https:\/\/ekitiz.shop\/en\/wp-json\/wp\/v2\/product"}],"about":[{"href":"https:\/\/ekitiz.shop\/en\/wp-json\/wp\/v2\/types\/product"}],"replies":[{"embeddable":true,"href":"https:\/\/ekitiz.shop\/en\/wp-json\/wp\/v2\/comments?post=13276"}],"wp:featuredmedia":[{"embeddable":true,"href":"https:\/\/ekitiz.shop\/en\/wp-json\/wp\/v2\/media\/13277"}],"wp:attachment":[{"href":"https:\/\/ekitiz.shop\/en\/wp-json\/wp\/v2\/media?parent=13276"}],"wp:term":[{"taxonomy":"product_brand","embeddable":true,"href":"https:\/\/ekitiz.shop\/en\/wp-json\/wp\/v2\/product_brand?post=13276"},{"taxonomy":"product_cat","embeddable":true,"href":"https:\/\/ekitiz.shop\/en\/wp-json\/wp\/v2\/product_cat?post=13276"},{"taxonomy":"product_tag","embeddable":true,"href":"https:\/\/ekitiz.shop\/en\/wp-json\/wp\/v2\/product_tag?post=13276"}],"curies":[{"name":"wp","href":"https:\/\/api.w.org\/{rel}","templated":true}]}}