{"id":13273,"date":"2024-02-06T20:34:51","date_gmt":"2024-02-07T00:34:51","guid":{"rendered":"https:\/\/ekitiz.shop\/?post_type=product&#038;p=13273"},"modified":"2024-08-09T04:45:42","modified_gmt":"2024-08-09T08:45:42","slug":"housse-de-protection-en-silicone-pour-move-5000","status":"publish","type":"product","link":"https:\/\/ekitiz.shop\/en\/product\/housse-de-protection-en-silicone-pour-move-5000\/","title":{"rendered":"Housse de protection en silicone pour Move 5000"},"content":{"rendered":"<p>Cet \u00e9tui de protection en caoutchouc a \u00e9t\u00e9 con\u00e7u sur mesure pour le terminal Ingenico Move 5000 et permet d&rsquo;utiliser commod\u00e9ment la fente et le glissement de la carte. Il est fabriqu\u00e9 en silicone \u00e9lastique qui prot\u00e8ge les parties les plus vuln\u00e9rables du MOVE 5000.<\/p>\n<p>Ce product offre un ajustement sur mesure pour votre appareil Ingenico. Malgr\u00e9 la protection ultime, vous aurez toujours un acc\u00e8s facile aux fonctions cl\u00e9s de votre appareil, comme les boutons ou les entr\u00e9es.<\/p>\n<!-- AddThis Advanced Settings generic via filter on the_content --><!-- AddThis Share Buttons generic via filter on the_content -->","protected":false},"excerpt":{"rendered":"<p>Cet \u00e9tui de protection en caoutchouc a \u00e9t\u00e9 con\u00e7u sur mesure pour le terminal Ingenico Move 5000 et permet d&rsquo;utiliser commod\u00e9ment la fente et le glissement de la carte. Il est fabriqu\u00e9 en silicone \u00e9lastique qui prot\u00e8ge les parties les plus vuln\u00e9rables du MOVE 5000.<!-- AddThis Advanced Settings generic via filter on get_the_excerpt --><!-- AddThis Share Buttons generic via filter on get_the_excerpt --><\/p>","protected":false},"featured_media":13274,"comment_status":"open","ping_status":"closed","template":"","meta":{"pmpro_default_level":""},"product_brand":[],"product_cat":[15,18],"product_tag":[],"class_list":{"0":"post-13273","1":"product","2":"type-product","3":"status-publish","4":"has-post-thumbnail","6":"product_cat-non-classe","7":"product_cat-accessoires","8":"pmpro-has-access","9":"has-post-title","10":"has-post-date","11":"has-post-category","12":"has-post-tag","13":"has-post-comment","14":"has-post-author","15":"","17":"first","18":"outofstock","19":"taxable","20":"shipping-taxable","21":"purchasable","22":"product-type-simple"},"jetpack_sharing_enabled":true,"builder_content":"","_links":{"self":[{"href":"https:\/\/ekitiz.shop\/en\/wp-json\/wp\/v2\/product\/13273"}],"collection":[{"href":"https:\/\/ekitiz.shop\/en\/wp-json\/wp\/v2\/product"}],"about":[{"href":"https:\/\/ekitiz.shop\/en\/wp-json\/wp\/v2\/types\/product"}],"replies":[{"embeddable":true,"href":"https:\/\/ekitiz.shop\/en\/wp-json\/wp\/v2\/comments?post=13273"}],"wp:featuredmedia":[{"embeddable":true,"href":"https:\/\/ekitiz.shop\/en\/wp-json\/wp\/v2\/media\/13274"}],"wp:attachment":[{"href":"https:\/\/ekitiz.shop\/en\/wp-json\/wp\/v2\/media?parent=13273"}],"wp:term":[{"taxonomy":"product_brand","embeddable":true,"href":"https:\/\/ekitiz.shop\/en\/wp-json\/wp\/v2\/product_brand?post=13273"},{"taxonomy":"product_cat","embeddable":true,"href":"https:\/\/ekitiz.shop\/en\/wp-json\/wp\/v2\/product_cat?post=13273"},{"taxonomy":"product_tag","embeddable":true,"href":"https:\/\/ekitiz.shop\/en\/wp-json\/wp\/v2\/product_tag?post=13273"}],"curies":[{"name":"wp","href":"https:\/\/api.w.org\/{rel}","templated":true}]}}