{"id":13267,"date":"2024-02-06T12:15:34","date_gmt":"2024-02-06T16:15:34","guid":{"rendered":"https:\/\/ekitiz.shop\/?post_type=product&#038;p=13267"},"modified":"2024-08-09T04:46:04","modified_gmt":"2024-08-09T08:46:04","slug":"housse-de-transport-pour-ingenico-move-5000","status":"publish","type":"product","link":"https:\/\/ekitiz.shop\/en\/product\/housse-de-transport-pour-ingenico-move-5000\/","title":{"rendered":"Housse de transport pour Ing\u00e9nico Move 5000"},"content":{"rendered":"<p>Housse de protection, dot\u00e9e d&rsquo;un rembourrage sp\u00e9cifique qui prot\u00e8gera votre Terminal de paiement contre les chocs, les projections de liquide et la poussi\u00e8re.\u00a0 Vous pouvez le mettre en charge sur votre socle sans avoir \u00e0 d\u00e9housser le terminal.<\/p>\n<p>Housse Ingenico Move 5000 est livr\u00e9e avec une bandouli\u00e8re.<\/p>\n<ul>\n<li>Housse de protection imperm\u00e9able pour Ingenico Move 5000.<\/li>\n<li>Aide \u00e0 prot\u00e9ger la zone de l\u2019\u00e9cran des rayures et dommages.<\/li>\n<li>Facile \u00e0 nettoyer, pour \u00e9viter la propagation de germes ind\u00e9sirables.<\/li>\n<li>Prot\u00e8ge les touches num\u00e9riques des salet\u00e9s et crasses.<\/li>\n<li>S\u2019ajuste parfaitement sur la base de chargement Ingenico.<\/li>\n<li>Prot\u00e8ge le couvercle du rouleau de papier et l\u2019imprimante thermique en cas de chute.<\/li>\n<li>Bobine papier facile \u00e0 changer tout en restant \u00e0 l\u2019int\u00e9rieur de l\u2019\u00e9tui.<\/li>\n<li>Acc\u00e8s \u00e0 tous les connecteurs et les c\u00e2bles.<\/li>\n<\/ul>\n<!-- AddThis Advanced Settings generic via filter on the_content --><!-- AddThis Share Buttons generic via filter on the_content -->","protected":false},"excerpt":{"rendered":"<p>Housse de protection, dot\u00e9e d&rsquo;un rembourrage sp\u00e9cifique qui prot\u00e8gera votre Terminal de paiement contre les chocs, les projections de liquide et la poussi\u00e8re. Vous prolongez ainsi la dur\u00e9e de vie de votre terminal. Housse de protection simili-cuir, pourvue d&rsquo;une ouverture pour le d\u00e9filement du papier ainsi que d&rsquo;une fente pour l&rsquo;insertion de la carte bancaire. Gr\u00e2ce \u00e0 la partie plastifi\u00e9e, vous pouvez acc\u00e9der aux touches du clavier sans enlever le TPE. Vous pouvez le mettre en charge sur votre socle sans avoir \u00e0 d\u00e9housser le terminal.<!-- AddThis Advanced Settings generic via filter on get_the_excerpt --><!-- AddThis Share Buttons generic via filter on get_the_excerpt --><\/p>","protected":false},"featured_media":13282,"comment_status":"open","ping_status":"closed","template":"","meta":{"pmpro_default_level":""},"product_brand":[],"product_cat":[18],"product_tag":[],"class_list":{"0":"post-13267","1":"product","2":"type-product","3":"status-publish","4":"has-post-thumbnail","6":"product_cat-accessoires","7":"product_shipping_class-25e","8":"pmpro-has-access","9":"has-post-title","10":"has-post-date","11":"has-post-category","12":"has-post-tag","13":"has-post-comment","14":"has-post-author","15":"","17":"first","18":"outofstock","19":"taxable","20":"shipping-taxable","21":"purchasable","22":"product-type-simple"},"jetpack_sharing_enabled":true,"builder_content":"","_links":{"self":[{"href":"https:\/\/ekitiz.shop\/en\/wp-json\/wp\/v2\/product\/13267"}],"collection":[{"href":"https:\/\/ekitiz.shop\/en\/wp-json\/wp\/v2\/product"}],"about":[{"href":"https:\/\/ekitiz.shop\/en\/wp-json\/wp\/v2\/types\/product"}],"replies":[{"embeddable":true,"href":"https:\/\/ekitiz.shop\/en\/wp-json\/wp\/v2\/comments?post=13267"}],"wp:featuredmedia":[{"embeddable":true,"href":"https:\/\/ekitiz.shop\/en\/wp-json\/wp\/v2\/media\/13282"}],"wp:attachment":[{"href":"https:\/\/ekitiz.shop\/en\/wp-json\/wp\/v2\/media?parent=13267"}],"wp:term":[{"taxonomy":"product_brand","embeddable":true,"href":"https:\/\/ekitiz.shop\/en\/wp-json\/wp\/v2\/product_brand?post=13267"},{"taxonomy":"product_cat","embeddable":true,"href":"https:\/\/ekitiz.shop\/en\/wp-json\/wp\/v2\/product_cat?post=13267"},{"taxonomy":"product_tag","embeddable":true,"href":"https:\/\/ekitiz.shop\/en\/wp-json\/wp\/v2\/product_tag?post=13267"}],"curies":[{"name":"wp","href":"https:\/\/api.w.org\/{rel}","templated":true}]}}