{"id":12723,"date":"2022-06-23T07:29:44","date_gmt":"2022-06-23T11:29:44","guid":{"rendered":"https:\/\/ekitiz.shop\/?post_type=product&#038;p=12723"},"modified":"2024-01-27T18:29:45","modified_gmt":"2024-01-27T22:29:45","slug":"terminal-android-pax-a920","status":"publish","type":"product","link":"https:\/\/ekitiz.shop\/en\/product\/terminal-android-pax-a920\/","title":{"rendered":"Terminal Android PAX A920"},"content":{"rendered":"<div class=\"s-title\">\n<div class=\"s-component s-text\">\n<div class=\"s-component-content s-font-title\">\n<h2>La puissance enrob\u00e9e de pure \u00e9l\u00e9gance<\/h2>\n<\/div>\n<\/div>\n<\/div>\n<div class=\"s-subtitle\">\n<div class=\"s-component s-text\">\n<div class=\"s-component-content s-font-heading\">\n<p>Tout simplement r\u00e9volutionnaire, l&rsquo;A920 allie toutes les fonctionnalit\u00e9s d&rsquo;une tablette Android \u00e0 un terminal de paiement puissant, dans un design compact et rac\u00e9.<\/p>\n<div class=\"s-title\">\n<div class=\"s-component s-text\">\n<div class=\"s-component-content s-font-title\">\n<h2>Le pilotage de vos terminaux devient facile<\/h2>\n<\/div>\n<\/div>\n<\/div>\n<div class=\"s-subtitle\">\n<div class=\"s-component s-text\">\n<div class=\"s-component-content s-font-heading\">\n<p>G\u00e9rez votre terminal \u00e0 distance et assistez vos vendeurs en un click. Avec la fonction AirViewer vous pouvez prendre la main sur vos terminaux \u00e0 partir de la plateforme PAXSTORE, et ce \u00e0 tout moment.<\/p>\n<p>Cet outil vous permet de r\u00e9duire vos interventions sur site, et de r\u00e9duire les co\u00fbts op\u00e9rationnels. Quand votre personnel de vente a besoin d&rsquo;aide, il peut \u00eatre guid\u00e9 instantan\u00e9ment et en direct par le mainteneur.<\/p>\n<\/div>\n<\/div>\n<\/div>\n<\/div>\n<\/div>\n<\/div>\n<!-- AddThis Advanced Settings generic via filter on the_content --><!-- AddThis Share Buttons generic via filter on the_content -->","protected":false},"excerpt":{"rendered":"<div class=\"s-item-title\">\n<div class=\"s-component s-text\">\n<div class=\"s-component-content s-font-heading\">\n<p><b>Les \u00e9l\u00e9ments cl\u00e9s de l&#8217;A920<\/b><\/p>\n<\/div>\n<\/div>\n<\/div>\n<div class=\"s-item-text\">\n<div class=\"s-component s-text\">\n<div class=\"\">\n<div class=\"s-component-content s-font-body\">\n<ul>\n<li><span class=\"s-text-color-black\">Android\u00a07.1<\/span><\/li>\n<li><span class=\"s-text-color-black\">Processeur cortex A7\u00a0<\/span><\/li>\n<li><span class=\"s-text-color-black\">Ecran tactile 5 pouces capacitif<\/span><\/li>\n<li><span class=\"s-text-color-black\">4G + WiFi\u00a0+ GPS<\/span><\/li>\n<li><span class=\"s-text-color-black\">Batterie capacit\u00e9\u00a05250mAh\u00a0<\/span><\/li>\n<li><span class=\"s-text-color-black\">Cam\u00e9ras frontale et arri\u00e8re\u00a0<\/span><\/li>\n<li><span class=\"s-text-color-black\">NFC sans contact<\/span><\/li>\n<li><span class=\"s-text-color-black\">PIN sur \u00e9cran tactile\u00a0<\/span><\/li>\n<li><span class=\"s-text-color-black\">PCI PTS 5.x SRED<\/span><\/li>\n<li><span class=\"s-text-color-black\">Certifi\u00e9 ATEX<\/span><\/li>\n<li><span class=\"s-text-color-black\">En option: Base<\/span><\/li>\n<\/ul>\n<\/div>\n<\/div>\n<\/div>\n<\/div>\n<p><!-- AddThis Advanced Settings generic via filter on get_the_excerpt --><!-- AddThis Share Buttons generic via filter on get_the_excerpt --><\/p>","protected":false},"featured_media":12724,"comment_status":"open","ping_status":"closed","template":"","meta":{"pmpro_default_level":""},"product_brand":[],"product_cat":[133,134,131,129],"product_tag":[],"class_list":{"0":"post-12723","1":"product","2":"type-product","3":"status-publish","4":"has-post-thumbnail","6":"product_cat-all-in-one","7":"product_cat-collectivites","8":"product_cat-commercants-mobile","9":"product_cat-terminaux-android-pax","10":"pmpro-has-access","11":"has-post-title","12":"has-post-date","13":"has-post-category","14":"has-post-tag","15":"has-post-comment","16":"has-post-author","17":"","19":"first","20":"instock","21":"taxable","22":"shipping-taxable","23":"purchasable","24":"product-type-simple"},"jetpack_sharing_enabled":true,"builder_content":"","_links":{"self":[{"href":"https:\/\/ekitiz.shop\/en\/wp-json\/wp\/v2\/product\/12723"}],"collection":[{"href":"https:\/\/ekitiz.shop\/en\/wp-json\/wp\/v2\/product"}],"about":[{"href":"https:\/\/ekitiz.shop\/en\/wp-json\/wp\/v2\/types\/product"}],"replies":[{"embeddable":true,"href":"https:\/\/ekitiz.shop\/en\/wp-json\/wp\/v2\/comments?post=12723"}],"wp:featuredmedia":[{"embeddable":true,"href":"https:\/\/ekitiz.shop\/en\/wp-json\/wp\/v2\/media\/12724"}],"wp:attachment":[{"href":"https:\/\/ekitiz.shop\/en\/wp-json\/wp\/v2\/media?parent=12723"}],"wp:term":[{"taxonomy":"product_brand","embeddable":true,"href":"https:\/\/ekitiz.shop\/en\/wp-json\/wp\/v2\/product_brand?post=12723"},{"taxonomy":"product_cat","embeddable":true,"href":"https:\/\/ekitiz.shop\/en\/wp-json\/wp\/v2\/product_cat?post=12723"},{"taxonomy":"product_tag","embeddable":true,"href":"https:\/\/ekitiz.shop\/en\/wp-json\/wp\/v2\/product_tag?post=12723"}],"curies":[{"name":"wp","href":"https:\/\/api.w.org\/{rel}","templated":true}]}}