{"id":12617,"date":"2022-06-07T13:25:04","date_gmt":"2022-06-07T17:25:04","guid":{"rendered":"https:\/\/ekitiz.shop\/?post_type=product&#038;p=12617"},"modified":"2024-02-07T07:56:20","modified_gmt":"2024-02-07T11:56:20","slug":"terminal-android-portable-pax-technology-a80","status":"publish","type":"product","link":"https:\/\/ekitiz.shop\/en\/product\/terminal-android-portable-pax-technology-a80\/","title":{"rendered":"Terminal Android Fixe PAX A80"},"content":{"rendered":"<h2><img loading=\"lazy\" decoding=\"async\" class=\"alignnone wp-image-12620 size-full\" src=\"https:\/\/ekitiz.shop\/wp-content\/uploads\/2022\/06\/pax-a80.jpg\" alt=\"\" width=\"1218\" height=\"656\" srcset=\"https:\/\/ekitiz.shop\/wp-content\/uploads\/2022\/06\/pax-a80.jpg 1218w, https:\/\/ekitiz.shop\/wp-content\/uploads\/2022\/06\/pax-a80-300x162.jpg 300w, https:\/\/ekitiz.shop\/wp-content\/uploads\/2022\/06\/pax-a80-1024x552.jpg 1024w, https:\/\/ekitiz.shop\/wp-content\/uploads\/2022\/06\/pax-a80-768x414.jpg 768w, https:\/\/ekitiz.shop\/wp-content\/uploads\/2022\/06\/pax-a80-18x10.jpg 18w, https:\/\/ekitiz.shop\/wp-content\/uploads\/2022\/06\/pax-a80-600x323.jpg 600w\" sizes=\"(max-width: 1218px) 100vw, 1218px\" \/><\/h2>\n<h2><span style=\"font-weight: 400;\">Avantages &amp; Caract\u00e9ristiques<\/span><\/h2>\n<p><span style=\"font-weight: 400;\">Le TPE fixe A80 est un terminal de nouvelle g\u00e9n\u00e9ration qui fonctionne comme un appareil de comptoir, \u00e9quip\u00e9 des derniers PCI PTS 5.X, de certifications sans contact NFC. Il est aliment\u00e9 par le syst\u00e8me d\u2019exploitation Android 6.0. Il est possible de le coupler avec un pinpad S300.<\/span><\/p>\n<p><span style=\"font-weight: 400;\">Ce terminal est con\u00e7u pour aider les prestataires de services de paiement \u00e0 cr\u00e9er et \u00e0 g\u00e9rer leurs places de march\u00e9 d\u2019applications ind\u00e9pe%\u00d9e terminal bancaire A80 dispose d\u2019une cam\u00e9ra int\u00e9gr\u00e9e. Il est \u00e9quip\u00e9 d\u2019un parfait \u00e9cran tactile haute d\u00e9finition de 4 pouces qui offre aux commer\u00e7ants et aux clients une interface graphique utilisateur sup\u00e9rieure aux terminaux POS classiques.<\/span><\/p>\n<p><span style=\"font-weight: 400;\">Profitez de tous les avantages de l\u2019environnement Android et de ses applications M\u00e9tiers (Sant\u00e9, Encaissement etc.) pour augmenter &amp; booster l\u2019utilisation de cet \u00e9quipement. Ces applications sont disponibles sur le PAXSTORE et rendent l\u2019exp\u00e9rience utilisateur beaucoup plus attractives et personnalisables.<\/span><\/p>\n<h2><span style=\"font-weight: 400;\">A80, polyvalent &amp; robuste<\/span><\/h2>\n<p><span style=\"font-weight: 400;\">Avec une gamme compl\u00e8te d\u2019options de communication parmi lesquelles choisir, et une batterie de secours en option, l\u2019A80 est toujours connect\u00e9, garantissant des performances optimales pendant les heures de bureau.<\/span><\/p>\n<h4><b><i>Un terminal fixe et innovant<\/i><\/b><\/h4>\n<p><span style=\"font-weight: 400;\">Le TPE Pax A80 est un terminal bancaire de la gamme A (pour Android) de Pax Technology est aussi un terminal polyvalent puisqu\u2019il dispose d\u2019une multitude d\u2019option de connectivit\u00e9s possibles (Ethernet\/3G\/Wifi\/Bluetooth), ainsi que d\u2019une cam\u00e9ra avant. Il est accompagn\u00e9 de son Pinpad S300, permettant d\u2019\u00e9viter de d\u00e9placer l\u2019appareil pour chaque r\u00e8glement mais aussi d\u2019une batterie de secours permettant de poursuivre les transactions en cas de panne de courant\u2026<\/span><\/p>\n<p><span style=\"font-weight: 400;\">Avec toutes les combinaisons de connectivit\u00e9, l\u2019A80 est un terminal puissant et fiable qui traite rapidement et en toute s\u00e9curit\u00e9 la totalit\u00e9 des transactions durant la journ\u00e9e.<\/span><\/p>\n<p><span style=\"font-weight: 400;\">Le terminal de paiement A80 s\u2019adresse \u00e0 tous les commer\u00e7ants les plus exigeants et accepte tous les moyens de paiements par carte \u00e0 puce EMV avec ou sans contact, \u00e0 piste magn\u00e9tique mais aussi les solutions de paiements par voix digital (smartphone) gr\u00e2ce aux \u00ab Waletts \u00bb mobiles.\u00a0 Son interface intuitive et conviviale et son haut-parleur, garantissent l\u2019efficacit\u00e9 des transactions mon\u00e9tiques.<\/span><\/p>\n<h2><span style=\"font-weight: 400;\">Les + du produit<\/span><\/h2>\n<h4><i><span style=\"font-weight: 400;\">Tr\u00e8s haut niveau de s\u00e9curit\u00e9<\/span><\/i><\/h4>\n<ul>\n<li style=\"font-weight: 400;\"><span style=\"font-weight: 400;\">Un processeur Ultra-s\u00e9curis\u00e9 et fiable<\/span><\/li>\n<li style=\"font-weight: 400;\"><span style=\"font-weight: 400;\">Supporte RSA, AES, 3DES<\/span><\/li>\n<li style=\"font-weight: 400;\"><span style=\"font-weight: 400;\">Une extension par Micro<\/span><\/li>\n<li style=\"font-weight: 400;\"><span style=\"font-weight: 400;\">Agr\u00e9\u00e9 SDPCI PTS 5.x, SRED<\/span><\/li>\n<li style=\"font-weight: 400;\"><span style=\"font-weight: 400;\">Certifi\u00e9 sans contact<\/span><\/li>\n<\/ul>\n<h4><i><span style=\"font-weight: 400;\">Performance exceptionnelle<\/span><\/i><\/h4>\n<ul>\n<li style=\"font-weight: 400;\"><span style=\"font-weight: 400;\">Cam\u00e9ra avant int\u00e9gr\u00e9e 0.3 MP (option)<\/span><\/li>\n<li style=\"font-weight: 400;\"><span style=\"font-weight: 400;\">Connexion 3G, Wifi, Bluetooth, Ethernet<\/span><\/li>\n<li style=\"font-weight: 400;\"><span style=\"font-weight: 400;\">Android bas\u00e9 sur Android 6.0<\/span><\/li>\n<li style=\"font-weight: 400;\"><span style=\"font-weight: 400;\">Batterie de back-up en option<\/span><\/li>\n<li style=\"font-weight: 400;\"><span style=\"font-weight: 400;\">\u00c9cran couleur tactile capacitif<\/span><\/li>\n<\/ul>\n<!-- AddThis Advanced Settings generic via filter on the_content --><!-- AddThis Share Buttons generic via filter on the_content -->","protected":false},"excerpt":{"rendered":"<p>Avantages &amp; Caract\u00e9ristiques Le TPE fixe A80 est un terminal de nouvelle g\u00e9n\u00e9ration qui fonctionne comme un appareil de comptoir, \u00e9quip\u00e9 des derniers PCI PTS 5.X, de certifications sans contact NFC. Il est aliment\u00e9 par le syst\u00e8me d\u2019exploitation Android 6.0. Il est possible de le coupler avec un pinpad S300. Ce terminal est con\u00e7u pour [&hellip;]<!-- AddThis Advanced Settings generic via filter on get_the_excerpt --><!-- AddThis Share Buttons generic via filter on get_the_excerpt --><\/p>\n","protected":false},"featured_media":12621,"comment_status":"open","ping_status":"closed","template":"","meta":{"pmpro_default_level":""},"product_brand":[],"product_cat":[129,133,134,130],"product_tag":[],"class_list":{"0":"post-12617","1":"product","2":"type-product","3":"status-publish","4":"has-post-thumbnail","6":"product_cat-terminaux-android-pax","7":"product_cat-all-in-one","8":"product_cat-collectivites","9":"product_cat-commercants","10":"pmpro-has-access","11":"has-post-title","12":"has-post-date","13":"has-post-category","14":"has-post-tag","15":"has-post-comment","16":"has-post-author","17":"","19":"first","20":"instock","21":"taxable","22":"shipping-taxable","23":"purchasable","24":"product-type-simple"},"jetpack_sharing_enabled":true,"builder_content":"","_links":{"self":[{"href":"https:\/\/ekitiz.shop\/en\/wp-json\/wp\/v2\/product\/12617"}],"collection":[{"href":"https:\/\/ekitiz.shop\/en\/wp-json\/wp\/v2\/product"}],"about":[{"href":"https:\/\/ekitiz.shop\/en\/wp-json\/wp\/v2\/types\/product"}],"replies":[{"embeddable":true,"href":"https:\/\/ekitiz.shop\/en\/wp-json\/wp\/v2\/comments?post=12617"}],"wp:featuredmedia":[{"embeddable":true,"href":"https:\/\/ekitiz.shop\/en\/wp-json\/wp\/v2\/media\/12621"}],"wp:attachment":[{"href":"https:\/\/ekitiz.shop\/en\/wp-json\/wp\/v2\/media?parent=12617"}],"wp:term":[{"taxonomy":"product_brand","embeddable":true,"href":"https:\/\/ekitiz.shop\/en\/wp-json\/wp\/v2\/product_brand?post=12617"},{"taxonomy":"product_cat","embeddable":true,"href":"https:\/\/ekitiz.shop\/en\/wp-json\/wp\/v2\/product_cat?post=12617"},{"taxonomy":"product_tag","embeddable":true,"href":"https:\/\/ekitiz.shop\/en\/wp-json\/wp\/v2\/product_tag?post=12617"}],"curies":[{"name":"wp","href":"https:\/\/api.w.org\/{rel}","templated":true}]}}