{"id":12603,"date":"2022-06-07T07:50:23","date_gmt":"2022-06-07T11:50:23","guid":{"rendered":"https:\/\/ekitiz.shop\/?post_type=product&#038;p=12603"},"modified":"2024-01-27T18:44:58","modified_gmt":"2024-01-27T22:44:58","slug":"terminal-tpe-fixe-ingenico-miz-idf5000-ls2","status":"publish","type":"product","link":"https:\/\/ekitiz.shop\/en\/product\/terminal-tpe-fixe-ingenico-miz-idf5000-ls2\/","title":{"rendered":"Terminal TPE Fixe Ingenico MIZ IDF Desk 5000 LS2"},"content":{"rendered":"<ul>\n<li style=\"font-weight: 400\"><span style=\"font-weight: 400\">\u00c9cran de couleurs tactiles de 3,5 pouces pour une utilisation confortable du TPE et de ses applications t\u00e9l\u00e9chargeables.<\/span><\/li>\n<li style=\"font-weight: 400\"><span style=\"font-weight: 400\">Design du TPE optimis\u00e9 de fa\u00e7on ergonomique pour une int\u00e9gration parfaite au point de vente fixe.<\/span><\/li>\n<li style=\"font-weight: 400\"><span style=\"font-weight: 400\">TPE Ingenico en constante \u00e9volution du fait de ses applications et son tout nouveau syst\u00e8me d\u2019exploitation OS Telium.<\/span><\/li>\n<li style=\"font-weight: 400\"><span style=\"font-weight: 400\">S\u00e9curit\u00e9 accrue faisant appel \u00e0 la cryptographie la plus sophistiqu\u00e9e pour un confort optimis\u00e9 et conforme aux normes bancaires les plus exigeantes.<\/span><\/li>\n<li style=\"font-weight: 400\"><span style=\"font-weight: 400\">En plus du port Ethernet et du modem TPE, d\u2019autres options comme la connexion 3G , Bluetooth et WIFI sont disponibles.<\/span><\/li>\n<\/ul>\n<!-- AddThis Advanced Settings generic via filter on the_content --><!-- AddThis Share Buttons generic via filter on the_content -->","protected":false},"excerpt":{"rendered":"<p>\u00c9cran de couleurs tactiles de 3,5 pouces pour une utilisation confortable du TPE et de ses applications t\u00e9l\u00e9chargeables. Design du TPE optimis\u00e9 de fa\u00e7on ergonomique pour une int\u00e9gration parfaite au point de vente fixe. TPE Ingenico en constante \u00e9volution du fait de ses applications et son tout nouveau syst\u00e8me d\u2019exploitation OS Telium. S\u00e9curit\u00e9 accrue faisant [&hellip;]<!-- AddThis Advanced Settings generic via filter on get_the_excerpt --><!-- AddThis Share Buttons generic via filter on get_the_excerpt --><\/p>\n","protected":false},"featured_media":12564,"comment_status":"open","ping_status":"closed","template":"","meta":{"pmpro_default_level":""},"product_brand":[],"product_cat":[134,130,127],"product_tag":[],"class_list":{"0":"post-12603","1":"product","2":"type-product","3":"status-publish","4":"has-post-thumbnail","6":"product_cat-collectivites","7":"product_cat-commercants","8":"product_cat-tpe-fixe-ingenico","9":"pmpro-has-access","10":"has-post-title","11":"has-post-date","12":"has-post-category","13":"has-post-tag","14":"has-post-comment","15":"has-post-author","16":"","18":"first","19":"instock","20":"taxable","21":"shipping-taxable","22":"purchasable","23":"product-type-simple"},"jetpack_sharing_enabled":true,"builder_content":"","_links":{"self":[{"href":"https:\/\/ekitiz.shop\/en\/wp-json\/wp\/v2\/product\/12603"}],"collection":[{"href":"https:\/\/ekitiz.shop\/en\/wp-json\/wp\/v2\/product"}],"about":[{"href":"https:\/\/ekitiz.shop\/en\/wp-json\/wp\/v2\/types\/product"}],"replies":[{"embeddable":true,"href":"https:\/\/ekitiz.shop\/en\/wp-json\/wp\/v2\/comments?post=12603"}],"wp:featuredmedia":[{"embeddable":true,"href":"https:\/\/ekitiz.shop\/en\/wp-json\/wp\/v2\/media\/12564"}],"wp:attachment":[{"href":"https:\/\/ekitiz.shop\/en\/wp-json\/wp\/v2\/media?parent=12603"}],"wp:term":[{"taxonomy":"product_brand","embeddable":true,"href":"https:\/\/ekitiz.shop\/en\/wp-json\/wp\/v2\/product_brand?post=12603"},{"taxonomy":"product_cat","embeddable":true,"href":"https:\/\/ekitiz.shop\/en\/wp-json\/wp\/v2\/product_cat?post=12603"},{"taxonomy":"product_tag","embeddable":true,"href":"https:\/\/ekitiz.shop\/en\/wp-json\/wp\/v2\/product_tag?post=12603"}],"curies":[{"name":"wp","href":"https:\/\/api.w.org\/{rel}","templated":true}]}}