{"id":12601,"date":"2022-06-07T07:45:02","date_gmt":"2022-06-07T11:45:02","guid":{"rendered":"https:\/\/ekitiz.shop\/?post_type=product&#038;p=12601"},"modified":"2024-01-27T18:37:57","modified_gmt":"2024-01-27T22:37:57","slug":"thinpad-ingenico-idf1500-pad","status":"publish","type":"product","link":"https:\/\/ekitiz.shop\/en\/product\/thinpad-ingenico-idf1500-pad\/","title":{"rendered":"Thinpad Ingenico IDF1500 PAD"},"content":{"rendered":"<p>La gamme de terminaux de comptoir d&rsquo;Ingenico a \u00e9t\u00e9 con\u00e7ue pour permettre aux commer\u00e7ants d&rsquo;accepter tous les modes de paiement et pour am\u00e9liorer l&rsquo;exp\u00e9rience des consommateurs en point de vente. Gr\u00e2ce \u00e0 un faible encombrement et une fiabilit\u00e9 \u00e9lev\u00e9e, nos terminaux de comptoir peuvent facilement s&rsquo;int\u00e9grer et r\u00e9pondre aux besoins les plus exigeants. Les consommateurs adh\u00e8rent compl\u00e8tement \u00e0 ces terminaux qui leur offrent de nombreuses fonctions. Combin\u00e9e \u00e0 des Pinpads de la s\u00e9rie Desk\/1000, la gamme de terminaux de comptoir offre une solution client unifi\u00e9e.<\/p>\n<!-- AddThis Advanced Settings generic via filter on the_content --><!-- AddThis Share Buttons generic via filter on the_content -->","protected":false},"excerpt":{"rendered":"<p>La gamme de terminaux de comptoir d&rsquo;Ingenico a \u00e9t\u00e9 con\u00e7ue pour permettre aux commer\u00e7ants d&rsquo;accepter tous les modes de paiement et pour am\u00e9liorer l&rsquo;exp\u00e9rience des consommateurs en point de vente. Gr\u00e2ce \u00e0 un faible encombrement et une fiabilit\u00e9 \u00e9lev\u00e9e, nos terminaux de comptoir peuvent facilement s&rsquo;int\u00e9grer et r\u00e9pondre aux besoins les plus exigeants. Les consommateurs [&hellip;]<!-- AddThis Advanced Settings generic via filter on get_the_excerpt --><!-- AddThis Share Buttons generic via filter on get_the_excerpt --><\/p>\n","protected":false},"featured_media":12560,"comment_status":"open","ping_status":"closed","template":"","meta":{"pmpro_default_level":""},"product_brand":[],"product_cat":[134,130,127],"product_tag":[],"class_list":{"0":"post-12601","1":"product","2":"type-product","3":"status-publish","4":"has-post-thumbnail","6":"product_cat-collectivites","7":"product_cat-commercants","8":"product_cat-tpe-fixe-ingenico","9":"pmpro-has-access","10":"has-post-title","11":"has-post-date","12":"has-post-category","13":"has-post-tag","14":"has-post-comment","15":"has-post-author","16":"","18":"first","19":"instock","20":"taxable","21":"shipping-taxable","22":"purchasable","23":"product-type-simple"},"jetpack_sharing_enabled":true,"builder_content":"","_links":{"self":[{"href":"https:\/\/ekitiz.shop\/en\/wp-json\/wp\/v2\/product\/12601"}],"collection":[{"href":"https:\/\/ekitiz.shop\/en\/wp-json\/wp\/v2\/product"}],"about":[{"href":"https:\/\/ekitiz.shop\/en\/wp-json\/wp\/v2\/types\/product"}],"replies":[{"embeddable":true,"href":"https:\/\/ekitiz.shop\/en\/wp-json\/wp\/v2\/comments?post=12601"}],"wp:featuredmedia":[{"embeddable":true,"href":"https:\/\/ekitiz.shop\/en\/wp-json\/wp\/v2\/media\/12560"}],"wp:attachment":[{"href":"https:\/\/ekitiz.shop\/en\/wp-json\/wp\/v2\/media?parent=12601"}],"wp:term":[{"taxonomy":"product_brand","embeddable":true,"href":"https:\/\/ekitiz.shop\/en\/wp-json\/wp\/v2\/product_brand?post=12601"},{"taxonomy":"product_cat","embeddable":true,"href":"https:\/\/ekitiz.shop\/en\/wp-json\/wp\/v2\/product_cat?post=12601"},{"taxonomy":"product_tag","embeddable":true,"href":"https:\/\/ekitiz.shop\/en\/wp-json\/wp\/v2\/product_tag?post=12601"}],"curies":[{"name":"wp","href":"https:\/\/api.w.org\/{rel}","templated":true}]}}