{"id":12190,"date":"2021-12-11T16:58:32","date_gmt":"2021-12-11T15:58:32","guid":{"rendered":"https:\/\/ekitiz.shop\/?post_type=product&#038;p=12190"},"modified":"2024-08-09T04:46:26","modified_gmt":"2024-08-09T08:46:26","slug":"station-de-recharge-pour-sumup-air","status":"publish","type":"product","link":"https:\/\/ekitiz.shop\/en\/product\/station-de-recharge-pour-sumup-air\/","title":{"rendered":"Station de recharge pour SumUp Air"},"content":{"rendered":"<!--themify_builder_content-->\n<div id=\"themify_builder_content-12190\" data-postid=\"12190\" class=\"themify_builder_content themify_builder_content-12190 themify_builder tf_clear\">\n    <\/div>\n<!--\/themify_builder_content-->\n<!-- AddThis Advanced Settings generic via filter on the_content --><!-- AddThis Share Buttons generic via filter on the_content -->","protected":false},"excerpt":{"rendered":"<p>Faites d&rsquo;une pierre deux coups avec cette \u00e9l\u00e9gante station de recharge d\u00e9di\u00e9e au terminal de paiement SumUp Air : laissez votre terminal se recharger sur votre comptoir tout en \u00e9tant pr\u00eat \u00e0 l&rsquo;utilisation.\u00a0Gr\u00e2ce \u00e0 sa position adapt\u00e9e \u00e0 tous les modes de paiement, ni vous ni votre client ne doivent retirer le terminal de la station\u00a0lors du paiement par carte.\u00a0Dot\u00e9 d&rsquo;une finition matte, elle s&rsquo;accorde en toute harmonie \u00e0 votre\u00a0terminal de paiement SumUp Air.<\/p>\n<p>Sont inclus dans la livraison :<\/p>\n<ul>\n<li>Une station de recharge pour SumUp Air<\/li>\n<li>Un c\u00e2ble Micro-USB\u00a0(1 m)<\/li>\n<\/ul>\n<p>Station d&rsquo;origine con\u00e7ue pour le terminal de paiement SumUp Air.<\/p>\n<p><em>Le terminal de paiement SumUp Air peut aussi \u00eatre <a href=\"https:\/\/template.economink.store\/lecteur-de-carte-sumup-air\/\">commander s\u00e9par\u00e9ment ici<\/a><\/em><em>.<\/em><!-- AddThis Advanced Settings generic via filter on get_the_excerpt --><!-- AddThis Share Buttons generic via filter on get_the_excerpt --><\/p>","protected":false},"featured_media":10781,"comment_status":"open","ping_status":"closed","template":"","meta":{"pmpro_default_level":""},"product_brand":[],"product_cat":[18],"product_tag":[],"class_list":{"0":"post-12190","1":"product","2":"type-product","3":"status-publish","4":"has-post-thumbnail","6":"product_cat-accessoires","7":"product_shipping_class-9e","8":"pmpro-has-access","9":"has-post-title","10":"has-post-date","11":"has-post-category","12":"has-post-tag","13":"has-post-comment","14":"has-post-author","15":"","17":"first","18":"outofstock","19":"taxable","20":"shipping-taxable","21":"purchasable","22":"product-type-simple"},"jetpack_sharing_enabled":true,"builder_content":"","_links":{"self":[{"href":"https:\/\/ekitiz.shop\/en\/wp-json\/wp\/v2\/product\/12190"}],"collection":[{"href":"https:\/\/ekitiz.shop\/en\/wp-json\/wp\/v2\/product"}],"about":[{"href":"https:\/\/ekitiz.shop\/en\/wp-json\/wp\/v2\/types\/product"}],"replies":[{"embeddable":true,"href":"https:\/\/ekitiz.shop\/en\/wp-json\/wp\/v2\/comments?post=12190"}],"wp:featuredmedia":[{"embeddable":true,"href":"https:\/\/ekitiz.shop\/en\/wp-json\/wp\/v2\/media\/10781"}],"wp:attachment":[{"href":"https:\/\/ekitiz.shop\/en\/wp-json\/wp\/v2\/media?parent=12190"}],"wp:term":[{"taxonomy":"product_brand","embeddable":true,"href":"https:\/\/ekitiz.shop\/en\/wp-json\/wp\/v2\/product_brand?post=12190"},{"taxonomy":"product_cat","embeddable":true,"href":"https:\/\/ekitiz.shop\/en\/wp-json\/wp\/v2\/product_cat?post=12190"},{"taxonomy":"product_tag","embeddable":true,"href":"https:\/\/ekitiz.shop\/en\/wp-json\/wp\/v2\/product_tag?post=12190"}],"curies":[{"name":"wp","href":"https:\/\/api.w.org\/{rel}","templated":true}]}}