{"id":11578,"date":"2021-08-09T12:34:29","date_gmt":"2021-08-09T16:34:29","guid":{"rendered":"https:\/\/ekitiz.shop\/?post_type=product&#038;p=11578"},"modified":"2024-08-11T11:45:45","modified_gmt":"2024-08-11T15:45:45","slug":"sumup-solo","status":"publish","type":"product","link":"https:\/\/ekitiz.shop\/en\/product\/sumup-solo\/","title":{"rendered":"Sumup Solo"},"content":{"rendered":"<!--themify_builder_content-->\n<div id=\"themify_builder_content-11578\" data-postid=\"11578\" class=\"themify_builder_content themify_builder_content-11578 themify_builder tf_clear\">\n                    <div  data-lazy=\"1\" class=\"module_row themify_builder_row tb_olaq541 tb_first tf_w\">\n                        <div class=\"row_inner col_align_top tb_col_count_1 tf_box tf_rel\">\n                        <div  data-lazy=\"1\" class=\"module_column tb-column col-full tb_d1rt545 first\">\n                    <!-- module fancy heading -->\n<div  class=\"module module-fancy-heading tb_mx1j665\" data-lazy=\"1\">\n        <h1 class=\"fancy-heading tf_textc\">\n    <span class=\"main-head tf_block\">\n                    Nouveau terminal de paiement Sumup Solo            <\/span>\n\n    \n    <span class=\"sub-head tf_block tf_rel\">\n                    Boostez votre entreprise gr\u00e2ce au terminal Solo, notre solution de paiement tout-en-un la plus avanc\u00e9e \u00e0 ce jour.            <\/span>\n    <\/h1>\n<\/div>\n<!-- \/module fancy heading -->\n<!-- module image -->\n<div  class=\"module module-image tb_o6x7708 image-center rounded  tf_mw\" data-lazy=\"1\">\n        <div class=\"image-wrap tf_rel tf_mw\">\n            <img loading=\"lazy\" decoding=\"async\" width=\"349\" height=\"104\" src=\"https:\/\/ekitiz.shop\/wp-content\/uploads\/2021\/08\/Award-only.jpg\" class=\"wp-post-image wp-image-11580\" title=\"Award only\" alt=\"Award only\" srcset=\"https:\/\/ekitiz.shop\/wp-content\/uploads\/2021\/08\/Award-only.jpg 349w, https:\/\/ekitiz.shop\/wp-content\/uploads\/2021\/08\/Award-only-300x89.jpg 300w, https:\/\/ekitiz.shop\/wp-content\/uploads\/2021\/08\/Award-only-18x5.jpg 18w\" sizes=\"(max-width: 349px) 100vw, 349px\" \/>    \n        <\/div>\n    <!-- \/image-wrap -->\n    \n        <\/div>\n<!-- \/module image --><!-- module image -->\n<div  class=\"module module-image tb_11ht520 image-center   tf_mw\" data-lazy=\"1\">\n        <div class=\"image-wrap tf_rel tf_mw\">\n            <img loading=\"lazy\" decoding=\"async\" src=\"https:\/\/ekitiz.shop\/wp-content\/uploads\/2021\/08\/Interface-solo-2-500x500.png\" width=\"500\" height=\"500\" class=\"wp-post-image wp-image-11585\" title=\"Interface solo 2\" alt=\"Interface solo 2\" srcset=\"https:\/\/ekitiz.shop\/wp-content\/uploads\/2021\/08\/Interface-solo-2-500x500.png 500w, https:\/\/ekitiz.shop\/wp-content\/uploads\/2021\/08\/Interface-solo-2-300x300.png 300w, https:\/\/ekitiz.shop\/wp-content\/uploads\/2021\/08\/Interface-solo-2-150x150.png 150w, https:\/\/ekitiz.shop\/wp-content\/uploads\/2021\/08\/Interface-solo-2-12x12.png 12w, https:\/\/ekitiz.shop\/wp-content\/uploads\/2021\/08\/Interface-solo-2-600x600.png 600w, https:\/\/ekitiz.shop\/wp-content\/uploads\/2021\/08\/Interface-solo-2-100x100.png 100w, https:\/\/ekitiz.shop\/wp-content\/uploads\/2021\/08\/Interface-solo-2.png 643w\" sizes=\"(max-width: 500px) 100vw, 500px\" \/>    \n        <\/div>\n    <!-- \/image-wrap -->\n    \n        <\/div>\n<!-- \/module image -->        <\/div>\n                        <\/div>\n        <\/div>\n                        <div  data-css_id=\"saio946\" data-lazy=\"1\" class=\"module_row themify_builder_row fullwidth_row_container tb_saio946 tf_w\">\n                        <div class=\"row_inner col_align_top tb_col_count_1 tf_box tf_rel\">\n                        <div  data-lazy=\"1\" class=\"module_column tb-column col-full tb_awsr947 first\">\n                            <div  data-lazy=\"1\" class=\"module_subrow themify_builder_sub_row tf_w col_align_middle gutter-none tb_col_count_2 tb_uv67948\">\n                <div  data-lazy=\"1\" class=\"module_column sub_column tb_m3iz951 first\">\n                    <!-- module image -->\n<div  class=\"module module-image tb_whuv952 image-center   tf_mw\" data-lazy=\"1\" data-lax-translate-y=\"(vh*0.7) 0,(vh*0) -70\" data-lax=\"true\">\n        <div class=\"image-wrap tf_rel tf_mw\">\n            <img loading=\"lazy\" decoding=\"async\" src=\"https:\/\/ekitiz.shop\/wp-content\/uploads\/2021\/08\/Interface-solo-1-600x387.png\" width=\"600\" height=\"387\" class=\"wp-post-image wp-image-11584\" title=\"Interface solo 1\" alt=\"Interface solo 1\" srcset=\"https:\/\/ekitiz.shop\/wp-content\/uploads\/2021\/08\/Interface-solo-1-600x387.png 600w, https:\/\/ekitiz.shop\/wp-content\/uploads\/2021\/08\/Interface-solo-1-300x194.png 300w, https:\/\/ekitiz.shop\/wp-content\/uploads\/2021\/08\/Interface-solo-1-18x12.png 18w, https:\/\/ekitiz.shop\/wp-content\/uploads\/2021\/08\/Interface-solo-1.png 643w\" sizes=\"(max-width: 600px) 100vw, 600px\" \/>    \n        <\/div>\n    <!-- \/image-wrap -->\n    \n        <\/div>\n<!-- \/module image -->        <\/div>\n                    <div  data-lazy=\"1\" class=\"module_column sub_column tb_sqyl952 last\">\n                    <!-- module text -->\n<div  class=\"module module-text tb_qx41952\" data-lazy=\"1\">\n        <div  class=\"tb_text_wrap\">\n        <h3>Une interface intelligente<\/h3>\n<p>Une interface \u00e0 \u00e9cran tactile intuitive pour une exp\u00e9rience de paiement sans faille pour vous et vos client(es).<\/p>\n    <\/div>\n<\/div>\n<!-- \/module text -->        <\/div>\n                    <\/div>\n                <div  data-lazy=\"1\" class=\"module_subrow themify_builder_sub_row tf_w col_align_middle gutter-none tb_col_count_2 tb_tyku953\">\n                <div  data-lazy=\"1\" class=\"module_column sub_column tb_m15b953 first\">\n                    <!-- module text -->\n<div  class=\"module module-text tb_yeiz954\" data-lazy=\"1\">\n        <div  class=\"tb_text_wrap\">\n        <h3>Un appareil compact<\/h3>\n<p>9 ans d&rsquo;expertise dans le domaine des paiements r\u00e9unis dans un appareil facile \u00e0 transporter. Gardez le contr\u00f4le sur votre activit\u00e9, o\u00f9 que vous soyez.<\/p>\n    <\/div>\n<\/div>\n<!-- \/module text -->        <\/div>\n                    <div  data-lazy=\"1\" class=\"module_column sub_column tb_wxql954 last\">\n                    <!-- module image -->\n<div  class=\"module module-image tb_wyj3954 image-center   tf_mw\" data-lazy=\"1\" data-lax-translate-y=\"(vh*0.7) 0,(vh*0) -70\" data-lax=\"true\">\n        <div class=\"image-wrap tf_rel tf_mw\">\n            <img loading=\"lazy\" decoding=\"async\" src=\"https:\/\/ekitiz.shop\/wp-content\/uploads\/2021\/08\/Interface-solo-3-600x392.png\" width=\"600\" height=\"392\" class=\"wp-post-image wp-image-11586\" title=\"Interface solo 3\" alt=\"Interface solo 3\" srcset=\"https:\/\/ekitiz.shop\/wp-content\/uploads\/2021\/08\/Interface-solo-3-600x392.png 600w, https:\/\/ekitiz.shop\/wp-content\/uploads\/2021\/08\/Interface-solo-3-300x196.png 300w, https:\/\/ekitiz.shop\/wp-content\/uploads\/2021\/08\/Interface-solo-3-18x12.png 18w, https:\/\/ekitiz.shop\/wp-content\/uploads\/2021\/08\/Interface-solo-3.png 644w\" sizes=\"(max-width: 600px) 100vw, 600px\" \/>    \n        <\/div>\n    <!-- \/image-wrap -->\n    \n        <\/div>\n<!-- \/module image -->        <\/div>\n                    <\/div>\n                <\/div>\n                        <\/div>\n        <\/div>\n                        <div  data-lazy=\"1\" class=\"module_row themify_builder_row tb_hatf988 tf_w\">\n                        <div class=\"row_inner col_align_top tb_col_count_3 tf_box tf_rel\">\n                        <div  data-lazy=\"1\" class=\"module_column tb-column col3-1 tb_8d5t989 first\">\n                    <!-- module image -->\n<div  class=\"module module-image tb_fdtc78 image-center   tf_mw\" data-lazy=\"1\">\n        <div class=\"image-wrap tf_rel tf_mw\">\n            <img loading=\"lazy\" decoding=\"async\" width=\"643\" height=\"466\" src=\"https:\/\/ekitiz.shop\/wp-content\/uploads\/2021\/08\/banniere-solo-1.png\" class=\"wp-post-image wp-image-11582\" title=\"Une connexion sans faille\" alt=\"Une connexion Wi-Fi fiable et puissante. Une carte SIM int\u00e9gr\u00e9e et des donn\u00e9es mobiles gratuites pour que vous puissiez accepter les paiements o\u00f9 que vous soyez.\" srcset=\"https:\/\/ekitiz.shop\/wp-content\/uploads\/2021\/08\/banniere-solo-1.png 643w, https:\/\/ekitiz.shop\/wp-content\/uploads\/2021\/08\/banniere-solo-1-300x217.png 300w, https:\/\/ekitiz.shop\/wp-content\/uploads\/2021\/08\/banniere-solo-1-18x12.png 18w, https:\/\/ekitiz.shop\/wp-content\/uploads\/2021\/08\/banniere-solo-1-600x435.png 600w, https:\/\/ekitiz.shop\/wp-content\/uploads\/2021\/08\/banniere-solo-1-827x600.png 827w\" sizes=\"(max-width: 643px) 100vw, 643px\" \/>    \n        <\/div>\n    <!-- \/image-wrap -->\n    \n        <div class=\"image-content\">\n                    <h3 class=\"image-title\">\n                                    Une connexion sans faille                            <\/h3>\n                        <div class=\"image-caption tb_text_wrap\">\n            Une connexion Wi-Fi fiable et puissante. Une carte SIM int\u00e9gr\u00e9e et des donn\u00e9es mobiles gratuites pour que vous puissiez accepter les paiements o\u00f9 que vous soyez.        <\/div>\n        <!-- \/image-caption -->\n            <\/div>\n    <!-- \/image-content -->\n        <\/div>\n<!-- \/module image -->        <\/div>\n                    <div  data-lazy=\"1\" class=\"module_column tb-column col3-1 tb_uaic990\">\n                    <!-- module image -->\n<div  class=\"module module-image tb_v1bx989 image-center   tf_mw\" data-lazy=\"1\">\n        <div class=\"image-wrap tf_rel tf_mw\">\n            <img loading=\"lazy\" decoding=\"async\" width=\"644\" height=\"866\" src=\"https:\/\/ekitiz.shop\/wp-content\/uploads\/2021\/08\/Mise-a-jour-solo.png\" class=\"wp-post-image wp-image-11591\" title=\"En d\u00e9veloppement continu\" alt=\"Nous continuons d&#039;optimiser et d&#039;ajouter de nouvelles fonctionnalit\u00e9s au terminal Solo via des mises \u00e0 jour logicielles automatiques.\" srcset=\"https:\/\/ekitiz.shop\/wp-content\/uploads\/2021\/08\/Mise-a-jour-solo.png 644w, https:\/\/ekitiz.shop\/wp-content\/uploads\/2021\/08\/Mise-a-jour-solo-223x300.png 223w, https:\/\/ekitiz.shop\/wp-content\/uploads\/2021\/08\/Mise-a-jour-solo-9x12.png 9w, https:\/\/ekitiz.shop\/wp-content\/uploads\/2021\/08\/Mise-a-jour-solo-600x807.png 600w\" sizes=\"(max-width: 644px) 100vw, 644px\" \/>    \n        <\/div>\n    <!-- \/image-wrap -->\n    \n        <div class=\"image-content\">\n                    <h3 class=\"image-title\">\n                                    En d\u00e9veloppement continu                            <\/h3>\n                        <div class=\"image-caption tb_text_wrap\">\n            Nous continuons d&rsquo;optimiser et d&rsquo;ajouter de nouvelles fonctionnalit\u00e9s au terminal Solo via des mises \u00e0 jour logicielles automatiques.        <\/div>\n        <!-- \/image-caption -->\n            <\/div>\n    <!-- \/image-content -->\n        <\/div>\n<!-- \/module image -->        <\/div>\n                    <div  data-lazy=\"1\" class=\"module_column tb-column col3-1 tb_dwgo990 last\">\n                    <!-- module image -->\n<div  class=\"module module-image tb_w255617 image-center   tf_mw\" data-lazy=\"1\">\n        <div class=\"image-wrap tf_rel tf_mw\">\n            <img loading=\"lazy\" decoding=\"async\" width=\"644\" height=\"466\" src=\"https:\/\/ekitiz.shop\/wp-content\/uploads\/2021\/08\/banniere-solo-2.png\" class=\"wp-post-image wp-image-11583\" title=\"Une endurance sans fin\" alt=\"La station de charge incluse permet de maintenir votre Solo constamment charg\u00e9 tout en montrant aux clients que vous acceptez les paiements sur votre comptoir.\" srcset=\"https:\/\/ekitiz.shop\/wp-content\/uploads\/2021\/08\/banniere-solo-2.png 644w, https:\/\/ekitiz.shop\/wp-content\/uploads\/2021\/08\/banniere-solo-2-300x217.png 300w, https:\/\/ekitiz.shop\/wp-content\/uploads\/2021\/08\/banniere-solo-2-18x12.png 18w, https:\/\/ekitiz.shop\/wp-content\/uploads\/2021\/08\/banniere-solo-2-600x434.png 600w\" sizes=\"(max-width: 644px) 100vw, 644px\" \/>    \n        <\/div>\n    <!-- \/image-wrap -->\n    \n        <div class=\"image-content\">\n                    <h3 class=\"image-title\">\n                                    Une endurance sans fin                            <\/h3>\n                        <div class=\"image-caption tb_text_wrap\">\n            La station de charge incluse permet de maintenir votre Solo constamment charg\u00e9 tout en montrant aux clients que vous acceptez les paiements sur votre comptoir.        <\/div>\n        <!-- \/image-caption -->\n            <\/div>\n    <!-- \/image-content -->\n        <\/div>\n<!-- \/module image -->        <\/div>\n                        <\/div>\n        <\/div>\n                        <div  data-css_id=\"wcn1273\" data-lazy=\"1\" class=\"module_row themify_builder_row fullwidth_row_container tb_wcn1273 tf_w\">\n                        <div class=\"row_inner col_align_top tb_col_count_1 tf_box tf_rel\">\n                        <div  data-lazy=\"1\" class=\"module_column tb-column col-full tb_wb4u274 first\">\n                            <div  data-lazy=\"1\" class=\"module_subrow themify_builder_sub_row tf_w col_align_middle gutter-none tb_col_count_2 tb_o6la235\">\n                <div  data-lazy=\"1\" class=\"module_column sub_column tb_u54z236 first\">\n                    <!-- module image -->\n<div  class=\"module module-image tb_kwku96 image-center   tf_mw\" data-lazy=\"1\">\n        <div class=\"image-wrap tf_rel tf_mw\">\n            <img loading=\"lazy\" decoding=\"async\" src=\"https:\/\/ekitiz.shop\/wp-content\/uploads\/2021\/08\/Pourboire.gif\" width=\"500\" height=\"500\" class=\"wp-post-image wp-image-11588\" title=\"Pourboire\" alt=\"Pourboire\">    \n        <\/div>\n    <!-- \/image-wrap -->\n    \n        <\/div>\n<!-- \/module image -->        <\/div>\n                    <div  data-lazy=\"1\" class=\"module_column sub_column tb_kktj236 last\">\n                    <!-- module text -->\n<div  class=\"module module-text tb_opw1242\" data-lazy=\"1\">\n        <div  class=\"tb_text_wrap\">\n        <h2>Pourboire intelligent<\/h2>\n<p>Cette fonction vous permet de ne plus vous soucier des pourboires, qui se pr\u00e9sentent d&rsquo;une mani\u00e8re intelligente et non intrusive \u00e0 vos client.e.s, afin d&rsquo;augmenter vos revenus.<\/p>    <\/div>\n<\/div>\n<!-- \/module text -->        <\/div>\n                    <\/div>\n                <div  data-lazy=\"1\" class=\"module_subrow themify_builder_sub_row tf_w col_align_middle gutter-none tb_col_count_2 tb_kfts738\">\n                <div  data-lazy=\"1\" class=\"module_column sub_column tb_bg6a740 first\">\n                    <!-- module text -->\n<div  class=\"module module-text tb_7dlv741\" data-lazy=\"1\">\n        <div  class=\"tb_text_wrap\">\n        <h2>Station de recharge<\/h2>\n<p>Gardez votre terminal Solo totalement recharg\u00e9 et bien visible, et utilisez le compartiment de rangement de la station de recharge pour ranger votre c\u00e2ble USB-C lorsque vous ne l&rsquo;utilisez pas. Tout cela gr\u00e2ce \u00e0 un seul accessoire.<\/p>\n    <\/div>\n<\/div>\n<!-- \/module text -->        <\/div>\n                    <div  data-lazy=\"1\" class=\"module_column sub_column tb_yroc739 last\">\n                    <!-- module image -->\n<div  class=\"module module-image tb_3hjt740 image-center   tf_mw\" data-lazy=\"1\">\n        <div class=\"image-wrap tf_rel tf_mw\">\n            <img loading=\"lazy\" decoding=\"async\" src=\"https:\/\/ekitiz.shop\/wp-content\/uploads\/2021\/08\/Station-de-recharge.gif\" width=\"500\" height=\"500\" class=\"wp-post-image wp-image-11589\" title=\"Station de recharge\" alt=\"Station de recharge\">    \n        <\/div>\n    <!-- \/image-wrap -->\n    \n        <\/div>\n<!-- \/module image -->        <\/div>\n                    <\/div>\n                <\/div>\n                        <\/div>\n        <\/div>\n        <\/div>\n<!--\/themify_builder_content--><!-- AddThis Advanced Settings generic via filter on the_content --><!-- AddThis Share Buttons generic via filter on the_content -->","protected":false},"excerpt":{"rendered":"<ul class=\"public-DraftStyleDefault-ul\" data-offset-key=\"9lrsc-0-0\">\n<li class=\"public-DraftStyleDefault-unorderedListItem public-DraftStyleDefault-reset public-DraftStyleDefault-depth0 public-DraftStyleDefault-listLTR\" data-block=\"true\" data-editor=\"c7g06\" data-offset-key=\"9lrsc-0-0\">\n<div class=\"public-DraftStyleDefault-block public-DraftStyleDefault-ltr\" data-offset-key=\"9lrsc-0-0\"><span data-offset-key=\"9lrsc-0-0\">Appareil portable et autonome qui fonctionne partout via le Wi-Fi ou les donn\u00e9es mobiles gratuites gr\u00e2ce \u00e0 la carte SIM int\u00e9gr\u00e9e<\/span><\/div>\n<\/li>\n<li class=\"public-DraftStyleDefault-unorderedListItem public-DraftStyleDefault-depth0 public-DraftStyleDefault-listLTR\" data-block=\"true\" data-editor=\"c7g06\" data-offset-key=\"38kqd-0-0\">\n<div class=\"public-DraftStyleDefault-block public-DraftStyleDefault-ltr\" data-offset-key=\"38kqd-0-0\"><span data-offset-key=\"38kqd-0-0\">\u00c9l\u00e9gant et facile \u00e0 utiliser, avec un \u00e9cran tactile enti\u00e8rement r\u00e9actif<\/span><\/div>\n<\/li>\n<li class=\"public-DraftStyleDefault-unorderedListItem public-DraftStyleDefault-depth0 public-DraftStyleDefault-listLTR\" data-block=\"true\" data-editor=\"c7g06\" data-offset-key=\"2883h-0-0\">\n<div class=\"public-DraftStyleDefault-block public-DraftStyleDefault-ltr\" data-offset-key=\"2883h-0-0\"><span data-offset-key=\"2883h-0-0\">Vendu avec une station de recharge qui sert \u00e9galement de support<\/span><\/div>\n<\/li>\n<li data-block=\"true\" data-editor=\"c7g06\" data-offset-key=\"2883h-0-0\">Excellent pour une utilisation en boutique ou en magasin<\/li>\n<\/ul>\n<p><!-- AddThis Advanced Settings generic via filter on get_the_excerpt --><!-- AddThis Share Buttons generic via filter on get_the_excerpt --><\/p>","protected":false},"featured_media":11585,"comment_status":"open","ping_status":"closed","template":"","meta":{"pmpro_default_level":""},"product_brand":[],"product_cat":[47],"product_tag":[],"class_list":{"0":"post-11578","1":"product","2":"type-product","3":"status-publish","4":"has-post-thumbnail","6":"product_cat-terminal-sumup","7":"product_shipping_class-9e","8":"pmpro-has-access","9":"has-post-title","10":"has-post-date","11":"has-post-category","12":"has-post-tag","13":"has-post-comment","14":"has-post-author","15":"","17":"first","18":"outofstock","19":"taxable","20":"shipping-taxable","21":"purchasable","22":"product-type-simple"},"jetpack_sharing_enabled":true,"builder_content":"<h1>Nouveau terminal de paiement Sumup Solo<br\/>Boostez votre entreprise gr\u00e2ce au terminal Solo, notre solution de paiement tout-en-un la plus avanc\u00e9e \u00e0 ce jour.<\/h1>\n<img src=\"https:\/\/ekitiz.shop\/wp-content\/uploads\/2021\/08\/Award-only.jpg\" title=\"Award only\" alt=\"Award only\" srcset=\"https:\/\/ekitiz.shop\/wp-content\/uploads\/2021\/08\/Award-only.jpg 349w, https:\/\/ekitiz.shop\/wp-content\/uploads\/2021\/08\/Award-only-300x89.jpg 300w, https:\/\/ekitiz.shop\/wp-content\/uploads\/2021\/08\/Award-only-18x5.jpg 18w\" sizes=\"(max-width: 349px) 100vw, 349px\" \/>\n<img src=\"https:\/\/ekitiz.shop\/wp-content\/uploads\/2021\/08\/Interface-solo-2-500x500.png\" width=\"500\" height=\"500\" title=\"Interface solo 2\" alt=\"Interface solo 2\" srcset=\"https:\/\/ekitiz.shop\/wp-content\/uploads\/2021\/08\/Interface-solo-2-500x500.png 500w, https:\/\/ekitiz.shop\/wp-content\/uploads\/2021\/08\/Interface-solo-2-300x300.png 300w, https:\/\/ekitiz.shop\/wp-content\/uploads\/2021\/08\/Interface-solo-2-150x150.png 150w, https:\/\/ekitiz.shop\/wp-content\/uploads\/2021\/08\/Interface-solo-2-12x12.png 12w, https:\/\/ekitiz.shop\/wp-content\/uploads\/2021\/08\/Interface-solo-2-600x600.png 600w, https:\/\/ekitiz.shop\/wp-content\/uploads\/2021\/08\/Interface-solo-2-100x100.png 100w, https:\/\/ekitiz.shop\/wp-content\/uploads\/2021\/08\/Interface-solo-2.png 643w\" sizes=\"(max-width: 500px) 100vw, 500px\" \/>\n<img src=\"https:\/\/ekitiz.shop\/wp-content\/uploads\/2021\/08\/Interface-solo-1-600x387.png\" width=\"600\" height=\"387\" title=\"Interface solo 1\" alt=\"Interface solo 1\" srcset=\"https:\/\/ekitiz.shop\/wp-content\/uploads\/2021\/08\/Interface-solo-1-600x387.png 600w, https:\/\/ekitiz.shop\/wp-content\/uploads\/2021\/08\/Interface-solo-1-300x194.png 300w, https:\/\/ekitiz.shop\/wp-content\/uploads\/2021\/08\/Interface-solo-1-18x12.png 18w, https:\/\/ekitiz.shop\/wp-content\/uploads\/2021\/08\/Interface-solo-1.png 643w\" sizes=\"(max-width: 600px) 100vw, 600px\" \/>\n<h3>Une interface intelligente<\/h3> <p>Une interface \u00e0 \u00e9cran tactile intuitive pour une exp\u00e9rience de paiement sans faille pour vous et vos client(es).<\/p>\n<h3>Un appareil compact<\/h3> <p>9 ans d'expertise dans le domaine des paiements r\u00e9unis dans un appareil facile \u00e0 transporter. Gardez le contr\u00f4le sur votre activit\u00e9, o\u00f9 que vous soyez.<\/p>\n<img src=\"https:\/\/ekitiz.shop\/wp-content\/uploads\/2021\/08\/Interface-solo-3-600x392.png\" width=\"600\" height=\"392\" title=\"Interface solo 3\" alt=\"Interface solo 3\" srcset=\"https:\/\/ekitiz.shop\/wp-content\/uploads\/2021\/08\/Interface-solo-3-600x392.png 600w, https:\/\/ekitiz.shop\/wp-content\/uploads\/2021\/08\/Interface-solo-3-300x196.png 300w, https:\/\/ekitiz.shop\/wp-content\/uploads\/2021\/08\/Interface-solo-3-18x12.png 18w, https:\/\/ekitiz.shop\/wp-content\/uploads\/2021\/08\/Interface-solo-3.png 644w\" sizes=\"(max-width: 600px) 100vw, 600px\" \/>\n<img src=\"https:\/\/ekitiz.shop\/wp-content\/uploads\/2021\/08\/banniere-solo-1.png\" title=\"Une connexion sans faille\" alt=\"Une connexion Wi-Fi fiable et puissante. Une carte SIM int\u00e9gr\u00e9e et des donn\u00e9es mobiles gratuites pour que vous puissiez accepter les paiements o\u00f9 que vous soyez.\" srcset=\"https:\/\/ekitiz.shop\/wp-content\/uploads\/2021\/08\/banniere-solo-1.png 643w, https:\/\/ekitiz.shop\/wp-content\/uploads\/2021\/08\/banniere-solo-1-300x217.png 300w, https:\/\/ekitiz.shop\/wp-content\/uploads\/2021\/08\/banniere-solo-1-18x12.png 18w, https:\/\/ekitiz.shop\/wp-content\/uploads\/2021\/08\/banniere-solo-1-600x435.png 600w, https:\/\/ekitiz.shop\/wp-content\/uploads\/2021\/08\/banniere-solo-1-827x600.png 827w\" sizes=\"(max-width: 643px) 100vw, 643px\" \/> <h3> Une connexion sans faille <\/h3> Une connexion Wi-Fi fiable et puissante. Une carte SIM int\u00e9gr\u00e9e et des donn\u00e9es mobiles gratuites pour que vous puissiez accepter les paiements o\u00f9 que vous soyez.\n<img src=\"https:\/\/ekitiz.shop\/wp-content\/uploads\/2021\/08\/Mise-a-jour-solo.png\" title=\"En d\u00e9veloppement continu\" alt=\"Nous continuons d&#039;optimiser et d&#039;ajouter de nouvelles fonctionnalit\u00e9s au terminal Solo via des mises \u00e0 jour logicielles automatiques.\" srcset=\"https:\/\/ekitiz.shop\/wp-content\/uploads\/2021\/08\/Mise-a-jour-solo.png 644w, https:\/\/ekitiz.shop\/wp-content\/uploads\/2021\/08\/Mise-a-jour-solo-223x300.png 223w, https:\/\/ekitiz.shop\/wp-content\/uploads\/2021\/08\/Mise-a-jour-solo-9x12.png 9w, https:\/\/ekitiz.shop\/wp-content\/uploads\/2021\/08\/Mise-a-jour-solo-600x807.png 600w\" sizes=\"(max-width: 644px) 100vw, 644px\" \/> <h3> En d\u00e9veloppement continu <\/h3> Nous continuons d'optimiser et d'ajouter de nouvelles fonctionnalit\u00e9s au terminal Solo via des mises \u00e0 jour logicielles automatiques.\n<img src=\"https:\/\/ekitiz.shop\/wp-content\/uploads\/2021\/08\/banniere-solo-2.png\" title=\"Une endurance sans fin\" alt=\"La station de charge incluse permet de maintenir votre Solo constamment charg\u00e9 tout en montrant aux clients que vous acceptez les paiements sur votre comptoir.\" srcset=\"https:\/\/ekitiz.shop\/wp-content\/uploads\/2021\/08\/banniere-solo-2.png 644w, https:\/\/ekitiz.shop\/wp-content\/uploads\/2021\/08\/banniere-solo-2-300x217.png 300w, https:\/\/ekitiz.shop\/wp-content\/uploads\/2021\/08\/banniere-solo-2-18x12.png 18w, https:\/\/ekitiz.shop\/wp-content\/uploads\/2021\/08\/banniere-solo-2-600x434.png 600w\" sizes=\"(max-width: 644px) 100vw, 644px\" \/> <h3> Une endurance sans fin <\/h3> La station de charge incluse permet de maintenir votre Solo constamment charg\u00e9 tout en montrant aux clients que vous acceptez les paiements sur votre comptoir.\n<img src=\"https:\/\/ekitiz.shop\/wp-content\/uploads\/2021\/08\/Pourboire.gif\" width=\"500\" height=\"500\" title=\"Pourboire\" alt=\"Pourboire\">\n<h2>Pourboire intelligent<\/h2> <p>Cette fonction vous permet de ne plus vous soucier des pourboires, qui se pr\u00e9sentent d'une mani\u00e8re intelligente et non intrusive \u00e0 vos client.e.s, afin d'augmenter vos revenus.<\/p>\n<h2>Station de recharge<\/h2> <p>Gardez votre terminal Solo totalement recharg\u00e9 et bien visible, et utilisez le compartiment de rangement de la station de recharge pour ranger votre c\u00e2ble USB-C lorsque vous ne l'utilisez pas. Tout cela gr\u00e2ce \u00e0 un seul accessoire.<\/p>\n<img src=\"https:\/\/ekitiz.shop\/wp-content\/uploads\/2021\/08\/Station-de-recharge.gif\" width=\"500\" height=\"500\" title=\"Station de recharge\" alt=\"Station de recharge\">","_links":{"self":[{"href":"https:\/\/ekitiz.shop\/en\/wp-json\/wp\/v2\/product\/11578"}],"collection":[{"href":"https:\/\/ekitiz.shop\/en\/wp-json\/wp\/v2\/product"}],"about":[{"href":"https:\/\/ekitiz.shop\/en\/wp-json\/wp\/v2\/types\/product"}],"replies":[{"embeddable":true,"href":"https:\/\/ekitiz.shop\/en\/wp-json\/wp\/v2\/comments?post=11578"}],"wp:featuredmedia":[{"embeddable":true,"href":"https:\/\/ekitiz.shop\/en\/wp-json\/wp\/v2\/media\/11585"}],"wp:attachment":[{"href":"https:\/\/ekitiz.shop\/en\/wp-json\/wp\/v2\/media?parent=11578"}],"wp:term":[{"taxonomy":"product_brand","embeddable":true,"href":"https:\/\/ekitiz.shop\/en\/wp-json\/wp\/v2\/product_brand?post=11578"},{"taxonomy":"product_cat","embeddable":true,"href":"https:\/\/ekitiz.shop\/en\/wp-json\/wp\/v2\/product_cat?post=11578"},{"taxonomy":"product_tag","embeddable":true,"href":"https:\/\/ekitiz.shop\/en\/wp-json\/wp\/v2\/product_tag?post=11578"}],"curies":[{"name":"wp","href":"https:\/\/api.w.org\/{rel}","templated":true}]}}