{"id":11163,"date":"2021-04-28T18:08:19","date_gmt":"2021-04-28T16:08:19","guid":{"rendered":"https:\/\/ekitiz.shop\/?post_type=product&#038;p=11163"},"modified":"2023-11-25T00:47:37","modified_gmt":"2023-11-25T04:47:37","slug":"kitz-cash-demo","status":"publish","type":"product","link":"https:\/\/ekitiz.shop\/en\/product\/kitz-cash-demo\/","title":{"rendered":"Kit\u2019z Cash One &#8211; 1 mois d&rsquo;essai"},"content":{"rendered":"<div class=\"module module-text tb_iha7418\">\n<div class=\"tb_text_wrap\">\n<p><strong>Kit\u2019z Cash One, une solution tout en douceur pour d\u00e9marrer imm\u00e9diatement \u00e0 partir de vos propres \u00e9quipements.<\/strong><\/p>\n<\/div>\n<\/div>\n<div class=\"module module-text tb_osz4418\">\n<div class=\"tb_text_wrap\">\n<p>Abonnement mensuel au logiciel Kit\u2019z Cash (Mise \u00e0 jour Incluse)<\/p>\n<p>TMA Support \/<br \/>\nMaintenance \/<br \/>\nFormation<\/p>\n<p>&nbsp;<\/p>\n<\/div>\n<\/div>\n<!-- AddThis Advanced Settings generic via filter on the_content --><!-- AddThis Share Buttons generic via filter on the_content -->","protected":false},"excerpt":{"rendered":"<p><strong>Kit\u2019z Cash One, une solution tout en douceur pour d\u00e9marrer imm\u00e9diatement \u00e0 partir de vos \u00e9quipements propres.<\/strong><!-- AddThis Advanced Settings generic via filter on get_the_excerpt --><!-- AddThis Share Buttons generic via filter on get_the_excerpt --><\/p>","protected":false},"featured_media":13194,"comment_status":"open","ping_status":"closed","template":"","meta":{"pmpro_default_level":""},"product_brand":[],"product_cat":[45],"product_tag":[],"class_list":{"0":"post-11163","1":"product","2":"type-product","3":"status-publish","4":"has-post-thumbnail","6":"product_cat-progiciel-de-gestion-kitz-cash","7":"pmpro-has-access","8":"has-post-title","9":"has-post-date","10":"has-post-category","11":"has-post-tag","12":"has-post-comment","13":"has-post-author","14":"","16":"first","17":"instock","18":"sale","19":"downloadable","20":"virtual","21":"taxable","22":"purchasable","23":"product-type-simple"},"jetpack_sharing_enabled":true,"builder_content":"","_links":{"self":[{"href":"https:\/\/ekitiz.shop\/en\/wp-json\/wp\/v2\/product\/11163"}],"collection":[{"href":"https:\/\/ekitiz.shop\/en\/wp-json\/wp\/v2\/product"}],"about":[{"href":"https:\/\/ekitiz.shop\/en\/wp-json\/wp\/v2\/types\/product"}],"replies":[{"embeddable":true,"href":"https:\/\/ekitiz.shop\/en\/wp-json\/wp\/v2\/comments?post=11163"}],"wp:featuredmedia":[{"embeddable":true,"href":"https:\/\/ekitiz.shop\/en\/wp-json\/wp\/v2\/media\/13194"}],"wp:attachment":[{"href":"https:\/\/ekitiz.shop\/en\/wp-json\/wp\/v2\/media?parent=11163"}],"wp:term":[{"taxonomy":"product_brand","embeddable":true,"href":"https:\/\/ekitiz.shop\/en\/wp-json\/wp\/v2\/product_brand?post=11163"},{"taxonomy":"product_cat","embeddable":true,"href":"https:\/\/ekitiz.shop\/en\/wp-json\/wp\/v2\/product_cat?post=11163"},{"taxonomy":"product_tag","embeddable":true,"href":"https:\/\/ekitiz.shop\/en\/wp-json\/wp\/v2\/product_tag?post=11163"}],"curies":[{"name":"wp","href":"https:\/\/api.w.org\/{rel}","templated":true}]}}