{"id":11018,"date":"2021-01-12T03:43:36","date_gmt":"2021-01-12T02:43:36","guid":{"rendered":"https:\/\/ekitiz.shop\/?post_type=product&#038;p=11018"},"modified":"2024-02-10T10:36:34","modified_gmt":"2024-02-10T14:36:34","slug":"passtime-essentiel-digital","status":"publish","type":"product","link":"https:\/\/ekitiz.shop\/en\/product\/passtime-essentiel-digital\/","title":{"rendered":"Passtime Essentiel Digital"},"content":{"rendered":"<p style=\"font-weight: 400;\">L&rsquo;offre Passtime, c&rsquo;est une offre de R\u00e9ductions accessible sur un support digital (smartphone et tablette) comprenant :<\/p>\n<p style=\"font-weight: 400;\"><strong>Le Pack Passtime<\/strong><strong>\u00a0<\/strong>: 1\u00a0 digitale Essentiel (ou \u00e9quivalent) permettant de b\u00e9n\u00e9ficier de :<\/p>\n<ul style=\"font-weight: 400;\">\n<li>l&rsquo;Offre d\u00e9couverte valable aupr\u00e8s des +150 \u00e9tablissements r\u00e9f\u00e9renc\u00e9s en Guyane ***j<strong>usqu&rsquo;\u00e0 50 % de remises***<\/strong><\/li>\n<li>l&rsquo;Offre permanente illimit\u00e9e aupr\u00e8s des +150 \u00e9tablissements r\u00e9f\u00e9renc\u00e9s en Guyane ***j<strong>usqu&rsquo;\u00e0 30 % de remises***<\/strong><\/li>\n<li>l&rsquo;Offre Web et la Billetterie Nationale\u00a0***<strong>jusqu&rsquo;\u00e0 30 % de remises***\u00a0<\/strong><a href=\"https:\/\/www.passtime.eu\/\" data-saferedirecturl=\"https:\/\/www.google.com\/url?q=https:\/\/www.passtime.eu\/&amp;source=gmail&amp;ust=1578410341736000&amp;usg=AFQjCNG2HcrmUJz1KbpjMyn_K3sHT3Skag\" rel=\"nofollow noopener\" target=\"_blank\">Sur le site passtime.eu<\/a>.<\/li>\n<\/ul>\n<!-- AddThis Advanced Settings generic via filter on the_content --><!-- AddThis Share Buttons generic via filter on the_content -->","protected":false},"excerpt":{"rendered":"<p>L&rsquo;offre Passtime, c&rsquo;est une offre de R\u00e9ductions accessible sur un support digital (smartphone et tablette) comprenant : Le Pack Passtime\u00a0: 1\u00a0 digitale Essentiel (ou \u00e9quivalent) permettant de b\u00e9n\u00e9ficier de : l&rsquo;Offre d\u00e9couverte valable aupr\u00e8s des +150 \u00e9tablissements r\u00e9f\u00e9renc\u00e9s en Guyane ***jusqu&rsquo;\u00e0 50 % de remises*** l&rsquo;Offre permanente illimit\u00e9e aupr\u00e8s des +150 \u00e9tablissements r\u00e9f\u00e9renc\u00e9s en Guyane [&hellip;]<!-- AddThis Advanced Settings generic via filter on get_the_excerpt --><!-- AddThis Share Buttons generic via filter on get_the_excerpt --><\/p>\n","protected":false},"featured_media":13047,"comment_status":"open","ping_status":"closed","template":"","meta":{"pmpro_default_level":""},"product_brand":[],"product_cat":[35],"product_tag":[],"class_list":{"0":"post-11018","1":"product","2":"type-product","3":"status-publish","4":"has-post-thumbnail","6":"product_cat-accessoires-passtime","7":"pmpro-has-access","8":"has-post-title","9":"has-post-date","10":"has-post-category","11":"has-post-tag","12":"has-post-comment","13":"has-post-author","14":"","16":"first","17":"instock","18":"purchasable","19":"product-type-simple"},"jetpack_sharing_enabled":true,"builder_content":"","_links":{"self":[{"href":"https:\/\/ekitiz.shop\/en\/wp-json\/wp\/v2\/product\/11018"}],"collection":[{"href":"https:\/\/ekitiz.shop\/en\/wp-json\/wp\/v2\/product"}],"about":[{"href":"https:\/\/ekitiz.shop\/en\/wp-json\/wp\/v2\/types\/product"}],"replies":[{"embeddable":true,"href":"https:\/\/ekitiz.shop\/en\/wp-json\/wp\/v2\/comments?post=11018"}],"wp:featuredmedia":[{"embeddable":true,"href":"https:\/\/ekitiz.shop\/en\/wp-json\/wp\/v2\/media\/13047"}],"wp:attachment":[{"href":"https:\/\/ekitiz.shop\/en\/wp-json\/wp\/v2\/media?parent=11018"}],"wp:term":[{"taxonomy":"product_brand","embeddable":true,"href":"https:\/\/ekitiz.shop\/en\/wp-json\/wp\/v2\/product_brand?post=11018"},{"taxonomy":"product_cat","embeddable":true,"href":"https:\/\/ekitiz.shop\/en\/wp-json\/wp\/v2\/product_cat?post=11018"},{"taxonomy":"product_tag","embeddable":true,"href":"https:\/\/ekitiz.shop\/en\/wp-json\/wp\/v2\/product_tag?post=11018"}],"curies":[{"name":"wp","href":"https:\/\/api.w.org\/{rel}","templated":true}]}}