{"id":665,"date":"2019-02-12T00:07:12","date_gmt":"2019-02-11T23:07:12","guid":{"rendered":"https:\/\/www.sumup-outremer.fr\/?page_id=665"},"modified":"2021-05-11T12:37:24","modified_gmt":"2021-05-11T10:37:24","slug":"mentions-legales-sumup-outremer","status":"publish","type":"page","link":"https:\/\/ekitiz.shop\/en\/mentions-legales-sumup-outremer\/","title":{"rendered":"Mentions l\u00e9gales SumUp"},"content":{"rendered":"<!--themify_builder_content-->\n<div id=\"themify_builder_content-665\" data-postid=\"665\" class=\"themify_builder_content themify_builder_content-665 themify_builder tf_clear\">\n                    <div  data-lazy=\"1\" class=\"module_row themify_builder_row tb_6a9f8af tb_first tf_w\">\n                        <div class=\"row_inner col_align_top tb_col_count_1 tf_box tf_rel\">\n                        <div  data-lazy=\"1\" class=\"module_column tb-column col-full tb_bee8207 first\">\n                    <!-- module text -->\n<div  class=\"module module-text tb_09c853b  repeat\" data-lazy=\"1\">\n        <div  class=\"tb_text_wrap\">\n        <h1>MENTIONS L\u00c9GALES<\/h1>\n<h3 class=\"\\\"western\\\"\" align=\"\\\"justify\\\"\"><a name=\"\\\"_Toc511851667\\\"\"><\/a>Editeur<\/h3>\n<p class=\"\\\"western\\\"\" align=\"\\\"justify\\\"\">SAS EKITIZ<\/p>\n<p class=\"\\\"western\\\"\" align=\"\\\"justify\\\"\">Soci\u00e9t\u00e9 par actions simplifi\u00e9e unipersonnelle au capital de 1 000 \u20ac<\/p>\n<p class=\"\\\"western\\\"\" align=\"\\\"justify\\\"\">N\u00b0\u00a0TMC 839 207 750\u00a0\u2013 RCS Cayenne<\/p>\n<p class=\"\\\"western\\\"\" align=\"\\\"justify\\\"\">Si\u00e8ge social : 258 Av. Justin Catay\u00e9e, Route de la Madeleine 97300 Cayenne<\/p>\n<p class=\"\\\"western\\\"\" align=\"\\\"justify\\\"\">E-Mail : performance@ekitiz.fr<\/p>\n<p class=\"\\\"western\\\"\" align=\"\\\"justify\\\"\">Directeur de publication : Philippe HIPPOMENE<\/p>\n<p class=\"\\\"western\\\"\" align=\"\\\"justify\\\"\">N\u00b0 T\u00e9l\u00e9phone : 0594 10 84 84<\/p>\n<h3 class=\"\\\"western\\\"\" align=\"\\\"justify\\\"\"><a name=\"\\\"_Toc511851668\\\"\"><\/a>H\u00e9bergement<\/h3>\n<p class=\"\\\"western\\\"\" align=\"\\\"justify\\\"\">OVH<\/p>\n<p class=\"\\\"western\\\"\" align=\"\\\"justify\\\"\">SAS au capital de 10 000 000 \u20ac<\/p>\n<p class=\"\\\"western\\\"\" align=\"\\\"justify\\\"\">RCS Roubaix \u2013 Tourcoing 42476141900011<\/p>\n<p class=\"\\\"western\\\"\" align=\"\\\"justify\\\"\">Code APE 6202A<\/p>\n<p class=\"\\\"western\\\"\" align=\"\\\"justify\\\"\">N\u00b0TVA : FR 22 424 761 419<\/p>\n<p class=\"\\\"western\\\"\" align=\"\\\"justify\\\"\">Si\u00e8ge social : 2 rue Kellerman \u2013 59100 Roubaix \u2013 France<\/p>\n<p class=\"\\\"western\\\"\" align=\"\\\"justify\\\"\">Web : www.ovh.com<\/p>\n<p class=\"\\\"western\\\"\" align=\"\\\"justify\\\"\">N\u00b0 T\u00e9l\u00e9phone : 0820 698 765<\/p>\n<h3 class=\"\\\"western\\\"\" align=\"\\\"justify\\\"\"><a name=\"\\\"_Toc511851669\\\"\"><\/a>Collecte et utilisation des donn\u00e9es \u00e0 caract\u00e8re personnel<\/h3>\n<p class=\"\\\"western\\\"\" align=\"\\\"justify\\\"\">Vos donn\u00e9es sont consid\u00e9r\u00e9es confidentielles, le cabinet d\u2019affaire EKITIZ se r\u00e9sout donc \u00e0 ne pas les divulguer. Selon la loi informatique et libert\u00e9s no 78-17 du 6 janvier 1978, vous disposez du droit exer\u00e7able par courrier, d\u2019acc\u00e9der, de modifier, de corriger ou de supprimer des informations vous concernant.<\/p>\n<p class=\"\\\"western\\\"\" align=\"\\\"justify\\\"\">Les donn\u00e9es personnelles recueillies sur le site de la soci\u00e9t\u00e9 EKITIZ, sont stock\u00e9es chez l\u2019\u00e9diteur dans un fichier client et servent \u00e0 g\u00e9rer les demandes des clients. Ces donn\u00e9es sont en g\u00e9n\u00e9ral, celles que vous renseignez sur les formulaires du site. Elles sont utilis\u00e9es confidentiellement, pour traiter des demandes ou des devis et peuvent \u00eatre communiqu\u00e9es \u00e0 des collaborateurs pour traiter des demandes sp\u00e9cifiques.<\/p>\n<p class=\"\\\"western\\\"\" align=\"\\\"justify\\\"\">Le pr\u00e9sent site internet est d\u00e9clar\u00e9 \u00e0 la CNIL sous le num\u00e9ro 2179378 v 0 .<\/p>\n<p class=\"\\\"western\\\"\" align=\"\\\"justify\\\"\">Les informations personnelles pouvant \u00eatre recueillies sur le site internet ekitiz.fr sont principalement utilis\u00e9es par l\u2019\u00e9diteur pour la gestion de vos demandes. Elles sont enregistr\u00e9es dans le fichier de clients de l\u2019\u00e9diteur.<\/p>\n<p class=\"\\\"western\\\"\" align=\"\\\"justify\\\"\">Les donn\u00e9es collect\u00e9es sur le site internet ekitiz.fr sont celles que l\u2019utilisateur du site internet indique, lorsqu\u2019il remplit des informations demand\u00e9es dans des formulaires pr\u00e9sents sur le site internet (nom, pr\u00e9nom, adresse postale, adresse de courrier \u00e9lectronique, nom de soci\u00e9t\u00e9, num\u00e9ro de t\u00e9l\u00e9phone) Ekitiz utilise ces donn\u00e9es de mani\u00e8re confidentielle pour traiter les demandes de devis ou les demandes de renseignements formul\u00e9es sur le site internet par les utilisateurs. Les informations recueillies pourront \u00e9ventuellement \u00eatre communiqu\u00e9es \u00e0 des tiers li\u00e9s \u00e0 l\u2019\u00e9diteur par contrat pour l\u2019ex\u00e9cution de t\u00e2ches sous-trait\u00e9es n\u00e9cessaires \u00e0 la gestion d\u2019une demande formul\u00e9e par un utilisateur du site internet.<\/p>\n<p class=\"\\\"western\\\"\" align=\"\\\"justify\\\"\">Ces donn\u00e9es ne sont pas communiqu\u00e9es \u00e0 d\u2019autres tiers, sous r\u00e9serve d\u2019une demande formul\u00e9e par les autorit\u00e9s judiciaires ou administratives habilit\u00e9es \u00e0 formuler cette demande.<\/p>\n<h3 class=\"\\\"western\\\"\" align=\"\\\"justify\\\"\"><a name=\"\\\"_Toc511851670\\\"\"><\/a>Droit d\u2019auteur<\/h3>\n<p class=\"\\\"western\\\"\" align=\"\\\"justify\\\"\">Sauf mentions particuli\u00e8res et selon la l\u00e9gislation internationale sur les droits d\u2019auteurs, tous les \u00e9l\u00e9ments pr\u00e9sents sur le site de la soci\u00e9t\u00e9 EKITIZ peu importe\u00a0leur nature sont prot\u00e9g\u00e9es en tant qu\u2019\u0153uvre de l\u2019esprit. Sous peine de poursuite judiciaire et sauf accord de l\u2019\u00e9diteur, toute utilisation ou quelconque modification de tout \u00e9l\u00e9ment du site par n\u2019importe quel moyen est prohib\u00e9e.<\/p>\n<h3 class=\"\\\"western\\\"\" align=\"\\\"justify\\\"\"><a name=\"\\\"_Toc511851671\\\"\"><\/a>Liens hypertextes<\/h3>\n<p class=\"\\\"western\\\"\" align=\"\\\"justify\\\"\">La mise en place de liens hypertextes vers le site internet est soumise \u00e0 une autorisation \u00e9crite et pr\u00e9alable de l\u2019Editeur.<\/p>\n<p class=\"\\\"western\\\"\" align=\"\\\"justify\\\"\">La demande d\u2019autorisation se fait par courriel \u00e0 l\u2019adresse suivante performance@ekitiz.fr.<\/p>\n<p class=\"\\\"western\\\"\" align=\"\\\"justify\\\"\">L\u2019Editeur se d\u00e9gage de toute responsabilit\u00e9 quant au contenu de sites tiers qui seraient li\u00e9s \u00e0 son site internet apr\u00e8s autorisation.<\/p>\n<h3 class=\"\\\"western\\\"\" align=\"\\\"justify\\\"\"><a name=\"\\\"_Toc511851672\\\"\"><\/a>Les cookies<\/h3>\n<p class=\"\\\"western\\\"\" align=\"\\\"justify\\\"\">Un cookie est un fichier plac\u00e9 dans l\u2019ordinateur de l\u2019utilisateur du site internet ekitiz.fr et qui est g\u00e9r\u00e9 par SAS EKITIZ, lequel a proc\u00e9d\u00e9 \u00e0 l\u2019installation de ce cookie. Le but des cookies est de permettre de reconna\u00eetre l\u2019ordinateur d\u2019un utilisateur du site internet lors de sa prochaine visite sur le site wbcreation.fr.<\/p>\n<p class=\"\\\"western\\\"\" align=\"\\\"justify\\\"\">La soci\u00e9t\u00e9 EKITIZ utilise ces cookies pour collecter des informations temporairement concernant les visiteurs du site internet et leurs visites. Les informations collect\u00e9es peuvent \u00eatre les pages visit\u00e9es par un utilisateur, le temps pass\u00e9 sur les pages visit\u00e9es, le nombre de visite par jour\u2026).<\/p>\n<p class=\"\\\"western\\\"\" align=\"\\\"justify\\\"\">Toutes les informations collect\u00e9es indirectement ne seront utilis\u00e9es que pour suivre le volume, le type et la configuration du trafic utilisant ce site, pour en d\u00e9velopper la conception et l\u2019agencement et \u00e0 d\u2019autres fins administratives et de planification et plus g\u00e9n\u00e9ralement pour am\u00e9liorer le service que l\u2019\u00e9diteur offre aux internautes via le site internet ekitiz.fr.<\/p>\n<p class=\"\\\"western\\\"\" align=\"\\\"justify\\\"\">Chaque utilisateur du site internet accepte que les cookies soient install\u00e9s sur leur ordinateur. N\u00e9anmoins, chaque utilisateur du site internet peut refuser les cookies dans les param\u00e8tres de configuration de son navigateur internet.<\/p>    <\/div>\n<\/div>\n<!-- \/module text -->        <\/div>\n                        <\/div>\n        <\/div>\n        <\/div>\n<!--\/themify_builder_content--><!-- AddThis Advanced Settings generic via filter on the_content --><!-- AddThis Share Buttons generic via filter on the_content -->","protected":false},"excerpt":{"rendered":"<p>MENTIONS L\u00c9GALES Editeur SAS EKITIZ Soci\u00e9t\u00e9 par actions simplifi\u00e9e unipersonnelle au capital de 1 000 \u20ac N\u00b0\u00a0TMC 839 207 750\u00a0\u2013 RCS Cayenne Si\u00e8ge social : 258 Av. Justin Catay\u00e9e, Route de la Madeleine 97300 Cayenne E-Mail : performance@ekitiz.fr Directeur de publication : Philippe HIPPOMENE N\u00b0 T\u00e9l\u00e9phone : 0594 10 84 84 H\u00e9bergement OVH SAS au [&hellip;]<!-- AddThis Advanced Settings generic via filter on get_the_excerpt --><!-- AddThis Share Buttons generic via filter on get_the_excerpt --><\/p>\n","protected":false},"author":14,"featured_media":0,"parent":0,"menu_order":0,"comment_status":"closed","ping_status":"closed","template":"","meta":{"pmpro_default_level":"","footnotes":""},"class_list":["post-665","page","type-page","status-publish","hentry","pmpro-has-access","has-post-title","has-post-date","has-post-category","has-post-tag","has-post-comment","has-post-author",""],"jetpack_sharing_enabled":true,"builder_content":"<h1>MENTIONS L\u00c9GALES<\/h1> <h3 class=\\\"western\\\" align=\\\"justify\\\"><a name=\\\"_Toc511851667\\\"><\/a>Editeur<\/h3> <p class=\\\"western\\\" align=\\\"justify\\\">SAS EKITIZ<\/p> <p class=\\\"western\\\" align=\\\"justify\\\">Soci\u00e9t\u00e9 par actions simplifi\u00e9e unipersonnelle au capital de 1 000 \u20ac<\/p> <p class=\\\"western\\\" align=\\\"justify\\\">N\u00b0\u00a0TMC 839 207 750\u00a0\u2013 RCS Cayenne<\/p> <p class=\\\"western\\\" align=\\\"justify\\\">Si\u00e8ge social : 258 Av. Justin Catay\u00e9e, Route de la Madeleine 97300 Cayenne<\/p> <p class=\\\"western\\\" align=\\\"justify\\\">E-Mail : performance@ekitiz.fr<\/p> <p class=\\\"western\\\" align=\\\"justify\\\">Directeur de publication : Philippe HIPPOMENE<\/p> <p class=\\\"western\\\" align=\\\"justify\\\">N\u00b0 T\u00e9l\u00e9phone : 0594 10 84 84<\/p> <h3 class=\\\"western\\\" align=\\\"justify\\\"><a name=\\\"_Toc511851668\\\"><\/a>H\u00e9bergement<\/h3> <p class=\\\"western\\\" align=\\\"justify\\\">OVH<\/p> <p class=\\\"western\\\" align=\\\"justify\\\">SAS au capital de 10 000 000 \u20ac<\/p> <p class=\\\"western\\\" align=\\\"justify\\\">RCS Roubaix \u2013 Tourcoing 42476141900011<\/p> <p class=\\\"western\\\" align=\\\"justify\\\">Code APE 6202A<\/p> <p class=\\\"western\\\" align=\\\"justify\\\">N\u00b0TVA : FR 22 424 761 419<\/p> <p class=\\\"western\\\" align=\\\"justify\\\">Si\u00e8ge social : 2 rue Kellerman \u2013 59100 Roubaix \u2013 France<\/p> <p class=\\\"western\\\" align=\\\"justify\\\">Web : www.ovh.com<\/p> <p class=\\\"western\\\" align=\\\"justify\\\">N\u00b0 T\u00e9l\u00e9phone : 0820 698 765<\/p> <h3 class=\\\"western\\\" align=\\\"justify\\\"><a name=\\\"_Toc511851669\\\"><\/a>Collecte et utilisation des donn\u00e9es \u00e0 caract\u00e8re personnel<\/h3> <p class=\\\"western\\\" align=\\\"justify\\\">Vos donn\u00e9es sont consid\u00e9r\u00e9es confidentielles, le cabinet d\u2019affaire EKITIZ se r\u00e9sout donc \u00e0 ne pas les divulguer. Selon la loi informatique et libert\u00e9s no 78-17 du 6 janvier 1978, vous disposez du droit exer\u00e7able par courrier, d\u2019acc\u00e9der, de modifier, de corriger ou de supprimer des informations vous concernant.<\/p> <p class=\\\"western\\\" align=\\\"justify\\\">Les donn\u00e9es personnelles recueillies sur le site de la soci\u00e9t\u00e9 EKITIZ, sont stock\u00e9es chez l\u2019\u00e9diteur dans un fichier client et servent \u00e0 g\u00e9rer les demandes des clients. Ces donn\u00e9es sont en g\u00e9n\u00e9ral, celles que vous renseignez sur les formulaires du site. Elles sont utilis\u00e9es confidentiellement, pour traiter des demandes ou des devis et peuvent \u00eatre communiqu\u00e9es \u00e0 des collaborateurs pour traiter des demandes sp\u00e9cifiques.<\/p> <p class=\\\"western\\\" align=\\\"justify\\\">Le pr\u00e9sent site internet est d\u00e9clar\u00e9 \u00e0 la CNIL sous le num\u00e9ro 2179378 v 0 .<\/p> <p class=\\\"western\\\" align=\\\"justify\\\">Les informations personnelles pouvant \u00eatre recueillies sur le site internet ekitiz.fr sont principalement utilis\u00e9es par l\u2019\u00e9diteur pour la gestion de vos demandes. Elles sont enregistr\u00e9es dans le fichier de clients de l\u2019\u00e9diteur.<\/p> <p class=\\\"western\\\" align=\\\"justify\\\">Les donn\u00e9es collect\u00e9es sur le site internet ekitiz.fr sont celles que l\u2019utilisateur du site internet indique, lorsqu\u2019il remplit des informations demand\u00e9es dans des formulaires pr\u00e9sents sur le site internet (nom, pr\u00e9nom, adresse postale, adresse de courrier \u00e9lectronique, nom de soci\u00e9t\u00e9, num\u00e9ro de t\u00e9l\u00e9phone) Ekitiz utilise ces donn\u00e9es de mani\u00e8re confidentielle pour traiter les demandes de devis ou les demandes de renseignements formul\u00e9es sur le site internet par les utilisateurs. Les informations recueillies pourront \u00e9ventuellement \u00eatre communiqu\u00e9es \u00e0 des tiers li\u00e9s \u00e0 l\u2019\u00e9diteur par contrat pour l\u2019ex\u00e9cution de t\u00e2ches sous-trait\u00e9es n\u00e9cessaires \u00e0 la gestion d\u2019une demande formul\u00e9e par un utilisateur du site internet.<\/p> <p class=\\\"western\\\" align=\\\"justify\\\">Ces donn\u00e9es ne sont pas communiqu\u00e9es \u00e0 d\u2019autres tiers, sous r\u00e9serve d\u2019une demande formul\u00e9e par les autorit\u00e9s judiciaires ou administratives habilit\u00e9es \u00e0 formuler cette demande.<\/p> <h3 class=\\\"western\\\" align=\\\"justify\\\"><a name=\\\"_Toc511851670\\\"><\/a>Droit d\u2019auteur<\/h3> <p class=\\\"western\\\" align=\\\"justify\\\">Sauf mentions particuli\u00e8res et selon la l\u00e9gislation internationale sur les droits d\u2019auteurs, tous les \u00e9l\u00e9ments pr\u00e9sents sur le site de la soci\u00e9t\u00e9 EKITIZ peu importe\u00a0leur nature sont prot\u00e9g\u00e9es en tant qu\u2019\u0153uvre de l\u2019esprit. Sous peine de poursuite judiciaire et sauf accord de l\u2019\u00e9diteur, toute utilisation ou quelconque modification de tout \u00e9l\u00e9ment du site par n\u2019importe quel moyen est prohib\u00e9e.<\/p> <h3 class=\\\"western\\\" align=\\\"justify\\\"><a name=\\\"_Toc511851671\\\"><\/a>Liens hypertextes<\/h3> <p class=\\\"western\\\" align=\\\"justify\\\">La mise en place de liens hypertextes vers le site internet est soumise \u00e0 une autorisation \u00e9crite et pr\u00e9alable de l\u2019Editeur.<\/p> <p class=\\\"western\\\" align=\\\"justify\\\">La demande d\u2019autorisation se fait par courriel \u00e0 l\u2019adresse suivante performance@ekitiz.fr.<\/p> <p class=\\\"western\\\" align=\\\"justify\\\">L\u2019Editeur se d\u00e9gage de toute responsabilit\u00e9 quant au contenu de sites tiers qui seraient li\u00e9s \u00e0 son site internet apr\u00e8s autorisation.<\/p> <h3 class=\\\"western\\\" align=\\\"justify\\\"><a name=\\\"_Toc511851672\\\"><\/a>Les cookies<\/h3> <p class=\\\"western\\\" align=\\\"justify\\\">Un cookie est un fichier plac\u00e9 dans l\u2019ordinateur de l\u2019utilisateur du site internet ekitiz.fr et qui est g\u00e9r\u00e9 par SAS EKITIZ, lequel a proc\u00e9d\u00e9 \u00e0 l\u2019installation de ce cookie. Le but des cookies est de permettre de reconna\u00eetre l\u2019ordinateur d\u2019un utilisateur du site internet lors de sa prochaine visite sur le site wbcreation.fr.<\/p> <p class=\\\"western\\\" align=\\\"justify\\\">La soci\u00e9t\u00e9 EKITIZ utilise ces cookies pour collecter des informations temporairement concernant les visiteurs du site internet et leurs visites. Les informations collect\u00e9es peuvent \u00eatre les pages visit\u00e9es par un utilisateur, le temps pass\u00e9 sur les pages visit\u00e9es, le nombre de visite par jour\u2026).<\/p> <p class=\\\"western\\\" align=\\\"justify\\\">Toutes les informations collect\u00e9es indirectement ne seront utilis\u00e9es que pour suivre le volume, le type et la configuration du trafic utilisant ce site, pour en d\u00e9velopper la conception et l\u2019agencement et \u00e0 d\u2019autres fins administratives et de planification et plus g\u00e9n\u00e9ralement pour am\u00e9liorer le service que l\u2019\u00e9diteur offre aux internautes via le site internet ekitiz.fr.<\/p> <p class=\\\"western\\\" align=\\\"justify\\\">Chaque utilisateur du site internet accepte que les cookies soient install\u00e9s sur leur ordinateur. N\u00e9anmoins, chaque utilisateur du site internet peut refuser les cookies dans les param\u00e8tres de configuration de son navigateur internet.<\/p>","_links":{"self":[{"href":"https:\/\/ekitiz.shop\/en\/wp-json\/wp\/v2\/pages\/665"}],"collection":[{"href":"https:\/\/ekitiz.shop\/en\/wp-json\/wp\/v2\/pages"}],"about":[{"href":"https:\/\/ekitiz.shop\/en\/wp-json\/wp\/v2\/types\/page"}],"author":[{"embeddable":true,"href":"https:\/\/ekitiz.shop\/en\/wp-json\/wp\/v2\/users\/14"}],"replies":[{"embeddable":true,"href":"https:\/\/ekitiz.shop\/en\/wp-json\/wp\/v2\/comments?post=665"}],"version-history":[{"count":2,"href":"https:\/\/ekitiz.shop\/en\/wp-json\/wp\/v2\/pages\/665\/revisions"}],"predecessor-version":[{"id":11253,"href":"https:\/\/ekitiz.shop\/en\/wp-json\/wp\/v2\/pages\/665\/revisions\/11253"}],"wp:attachment":[{"href":"https:\/\/ekitiz.shop\/en\/wp-json\/wp\/v2\/media?parent=665"}],"curies":[{"name":"wp","href":"https:\/\/api.w.org\/{rel}","templated":true}]}}