{"id":633,"date":"2019-02-09T22:39:51","date_gmt":"2019-02-09T21:39:51","guid":{"rendered":"https:\/\/www.sumup-outremer.fr\/?page_id=633"},"modified":"2021-05-24T13:07:50","modified_gmt":"2021-05-24T11:07:50","slug":"tarifs-sumup","status":"publish","type":"page","link":"https:\/\/ekitiz.shop\/en\/tarifs-sumup\/","title":{"rendered":"Tarifs SumUp"},"content":{"rendered":"<!--themify_builder_content-->\n<div id=\"themify_builder_content-633\" data-postid=\"633\" class=\"themify_builder_content themify_builder_content-633 themify_builder tf_clear\">\n                    <div  data-css_id=\"81623ec\" data-lazy=\"1\" class=\"module_row themify_builder_row fullwidth_row_container tb_81623ec tb_first tf_w\">\n            <span  class=\"builder_row_cover tf_abs\" data-lazy=\"1\"><\/span><span class=\"tb_row_frame_wrap tf_overflow tf_abs\" data-lazy=\"1\"><span class=\"tb_row_frame tb_row_frame_top  tf_abs tf_hide tf_overflow tf_w\"><\/span><\/span>            <div class=\"row_inner col_align_top tb_col_count_1 tf_box tf_rel\">\n                        <div  data-lazy=\"1\" class=\"module_column tb-column col-full tb_82aba02 first\">\n                    <!-- module text -->\n<div  class=\"module module-text tb_3ff7d36  repeat\" data-lazy=\"1\">\n        <div  class=\"tb_text_wrap\">\n        <h1 class=\"&quot;css-1sj5vk1-HeadingElement-heading-baseStyles-heading--zetta-createMediaQueries-createMediaQueries-sizeStyles-createMediaQueries-createMediaQueries-createMediaQueries-createMediaQueries\"><span id=\"E855\">Tarifs Sumup<\/span><\/h1>\n<h2><span id=\"E855\">Un taux unique<\/span><span id=\"E856\"> par <\/span><span id=\"E858\">transaction<\/span><\/h2>    <\/div>\n<\/div>\n<!-- \/module text -->        <\/div>\n                        <\/div>\n        <\/div>\n                        <div  data-css_id=\"0c872aa\" data-lazy=\"1\" class=\"module_row themify_builder_row fullwidth_row_container tb_0c872aa tf_w\">\n                        <div class=\"row_inner col_align_top tb_col_count_1 tf_box tf_rel\">\n                        <div  data-lazy=\"1\" class=\"module_column tb-column col-full tb_ae2e83c first\">\n                            <div  data-lazy=\"1\" class=\"module_subrow themify_builder_sub_row tf_w col_align_top tb_col_count_4 tb_eec03b5\">\n                <div  data-lazy=\"1\" class=\"module_column sub_column col4-1 tb_1587589 first\">\n                            <\/div>\n                    <div  data-lazy=\"1\" class=\"module_column sub_column col4-1 tb_358e619\">\n                    <!-- module box -->\n<div  class=\"module module-box tb_1c6d304\" data-lazy=\"1\">\n    <div class=\"module-box-content ui rounded shadow tb_default_color\">\n                <div class=\"tb_text_wrap\"><p><br \/><span style=\"font-size: 30pt; color: #000000;\">1,75%<\/span><br \/><span style=\"color: #3388ff; font-size: 11pt;\"><strong>FRAIS DE TRANSACTION<\/strong><\/span><\/p><\/div>\n    <\/div>\n<\/div>\n<!-- \/module box -->\n        <\/div>\n                    <div  data-lazy=\"1\" class=\"module_column sub_column col4-1 tb_u65l265\">\n                    <!-- module box -->\n<div  class=\"module module-box tb_o0p2265\" data-lazy=\"1\">\n    <div class=\"module-box-content ui rounded shadow tb_default_color\">\n                <div class=\"tb_text_wrap\"><p><br \/><span style=\"font-size: 30pt; color: #000000;\">0\u20ac<\/span><br \/><span style=\"color: #3388ff; font-size: 11pt;\"><strong>FRAIS MENSUELS<\/strong><\/span><\/p><\/div>\n    <\/div>\n<\/div>\n<!-- \/module box -->\n        <\/div>\n                    <div  data-lazy=\"1\" class=\"module_column sub_column col4-1 tb_swcb381 last\">\n                            <\/div>\n                    <\/div>\n        \n\t<div  id=\"tb_j0u5986\" class=\"module woocommerce module-products tb_j0u5986\" data-lazy=\"1\">\n\t\t\t\t\t<ul  class=\"loops-wrapper products wc-products grid3 classic tf_clearfix\" data-lazy=\"1\">\n\t\t\t\t\t\t\t\t\t\t\t\t\t<li class=\"pmpro-has-access has-post-title has-post-date no-post-category no-post-tag has-post-comment has-post-author product type-product post-12948 status-publish outofstock product_cat-terminal-sumup has-post-thumbnail purchasable product-type-simple\">\n\t\t\t\t\t\t\t\t\t\t\t\t\t\t\t\n\t\t\t\t\t\t\t\t\t\t\t\t\t\t\t\t\t\t\t\t\t\t\t\t\t\t<figure class=\"post-image\">\n    \t                \t<a href=\"https:\/\/ekitiz.shop\/en\/product\/sumup-solo-imprimante\/\" title=\"Sumup Solo+ imprimante\"><img loading=\"lazy\" decoding=\"async\" width=\"1000\" height=\"1000\" src=\"https:\/\/ekitiz.shop\/wp-content\/uploads\/2023\/04\/Solo_Image_imprimante-1.webp\" class=\"wp-post-image wp-image-12949\" title=\"Solo_Image_imprimante-1\" alt=\"\u00c9mettez des re\u00e7us en d\u00e9placement avec cet appareil l\u00e9ger et de poche\" srcset=\"https:\/\/ekitiz.shop\/wp-content\/uploads\/2023\/04\/Solo_Image_imprimante-1.webp 1000w, https:\/\/ekitiz.shop\/wp-content\/uploads\/2023\/04\/Solo_Image_imprimante-1-300x300.webp 300w, https:\/\/ekitiz.shop\/wp-content\/uploads\/2023\/04\/Solo_Image_imprimante-1-150x150.webp 150w, https:\/\/ekitiz.shop\/wp-content\/uploads\/2023\/04\/Solo_Image_imprimante-1-768x768.webp 768w, https:\/\/ekitiz.shop\/wp-content\/uploads\/2023\/04\/Solo_Image_imprimante-1-12x12.webp 12w, https:\/\/ekitiz.shop\/wp-content\/uploads\/2023\/04\/Solo_Image_imprimante-1-600x600.webp 600w, https:\/\/ekitiz.shop\/wp-content\/uploads\/2023\/04\/Solo_Image_imprimante-1-100x100.webp 100w, https:\/\/ekitiz.shop\/wp-content\/uploads\/2023\/04\/Solo_Image_imprimante-1-500x500.webp 500w\" sizes=\"(max-width: 1000px) 100vw, 1000px\" \/><\/a>\n    <\/figure>\t\t\t\t\t\t\t\t\t\t\t\t\t\t\t\t\t\n\t\t\t\t\t\t\t\t\t\t<div class=\"product-content\">\n\t\t\t\t\t\t\t\t\t\t\n\t\t\t\t\t\t\t\t\t\t\t\t\t\t\t\t\t\t\t\t\t\t\t\t\t\t\t\t\t\t\t\t\t\t<h3 class=\"woocommerce-loop-product__title\">\n\t\t\t\t\t\t\t\t\t\t\t\t\t\t\t\t\t\t\t<a href=\"https:\/\/ekitiz.shop\/en\/product\/sumup-solo-imprimante\/\" title=\"Sumup Solo+ imprimante\">\n\t\t\t\t\t\t\t\t\t\t\n\t\t\t\t\t\t\t\t\t\tSumup Solo+ imprimante\n\t\t\t\t\t\t\t\t\t\t\t\t\t\t\t\t\t\t\t\t<\/a>\n\t\t\t\t\t\t\t\t\t\t\t\t\t\t\t\t\t\t<\/h3>\n\t\t\t\t\t\t\t\t\t\t\t\t\t\t\t\t\t  \n\n\t\t\t\t\t\t\t\t\n\t<span class=\"price\"><span class=\"woocommerce-Price-amount amount\"><bdi>179,00&nbsp;<span class=\"woocommerce-Price-currencySymbol\">&euro;<\/span><\/bdi><\/span><\/span>\n\t\t<\/div>\n\t\t\n\t\t\t\t\t\t\t\t\t\t\t\t\t<\/li>\n\t\t\t\t\t\t\t\t\t\t\t\t<li class=\"pmpro-has-access has-post-title has-post-date no-post-category no-post-tag has-post-comment has-post-author product type-product post-11578 status-publish outofstock product_cat-terminal-sumup has-post-thumbnail taxable shipping-taxable purchasable product-type-simple\">\n\t\t\t\t\t\t\t\t\t\t\t\t\t\t\t\n\t\t\t\t\t\t\t\t\t\t\t\t\t\t\t\t\t\t\t\t\t\t\t\t\t\t<figure class=\"post-image\">\n    \t                \t<a href=\"https:\/\/ekitiz.shop\/en\/product\/sumup-solo\/\" title=\"Sumup Solo\"><img loading=\"lazy\" decoding=\"async\" width=\"643\" height=\"643\" src=\"https:\/\/ekitiz.shop\/wp-content\/uploads\/2021\/08\/Interface-solo-2.png\" class=\"wp-post-image wp-image-11585\" title=\"Interface solo 2\" alt=\"Interface solo 2\" srcset=\"https:\/\/ekitiz.shop\/wp-content\/uploads\/2021\/08\/Interface-solo-2.png 643w, https:\/\/ekitiz.shop\/wp-content\/uploads\/2021\/08\/Interface-solo-2-300x300.png 300w, https:\/\/ekitiz.shop\/wp-content\/uploads\/2021\/08\/Interface-solo-2-150x150.png 150w, https:\/\/ekitiz.shop\/wp-content\/uploads\/2021\/08\/Interface-solo-2-12x12.png 12w, https:\/\/ekitiz.shop\/wp-content\/uploads\/2021\/08\/Interface-solo-2-600x600.png 600w, https:\/\/ekitiz.shop\/wp-content\/uploads\/2021\/08\/Interface-solo-2-100x100.png 100w, https:\/\/ekitiz.shop\/wp-content\/uploads\/2021\/08\/Interface-solo-2-500x500.png 500w\" sizes=\"(max-width: 643px) 100vw, 643px\" \/><\/a>\n    <\/figure>\t\t\t\t\t\t\t\t\t\t\t\t\t\t\t\t\t\n\t\t\t\t\t\t\t\t\t\t<div class=\"product-content\">\n\t\t\t\t\t\t\t\t\t\t\n\t\t\t\t\t\t\t\t\t\t\t\t\t\t\t\t\t\t\t\t\t\t\t\t\t\t\t\t\t\t\t\t\t\t<h3 class=\"woocommerce-loop-product__title\">\n\t\t\t\t\t\t\t\t\t\t\t\t\t\t\t\t\t\t\t<a href=\"https:\/\/ekitiz.shop\/en\/product\/sumup-solo\/\" title=\"Sumup Solo\">\n\t\t\t\t\t\t\t\t\t\t\n\t\t\t\t\t\t\t\t\t\tSumup Solo\n\t\t\t\t\t\t\t\t\t\t\t\t\t\t\t\t\t\t\t\t<\/a>\n\t\t\t\t\t\t\t\t\t\t\t\t\t\t\t\t\t\t<\/h3>\n\t\t\t\t\t\t\t\t\t\t\t\t\t\t\t\t\t  \n\n\t\t\t\t\t\t\t\t\n\t<span class=\"price\"><span class=\"woocommerce-Price-amount amount\"><bdi>129,00&nbsp;<span class=\"woocommerce-Price-currencySymbol\">&euro;<\/span><\/bdi><\/span> <small class=\"woocommerce-price-suffix\">HT<\/small><\/span>\n\t\t<\/div>\n\t\t\n\t\t\t\t\t\t\t\t\t\t\t\t\t<\/li>\n\t\t\t\t\t\t\t\t\t\t\t\t<li class=\"pmpro-has-access has-post-title has-post-date no-post-category no-post-tag has-post-comment has-post-author product type-product post-10794 status-publish outofstock product_cat-terminal-sumup product_tag-promos has-post-thumbnail sale taxable shipping-taxable purchasable product-type-simple\">\n\t\t\t\t\t\t\t\t\t\t\t\t\t\t\t\n\t\t\t\t\t\t\t\t\t\t\t\t\t\t\t\t\t\t\t\t\t\t\t\t\t\t<figure class=\"post-image\">\n    \t    \n\t<span class=\"onsale\" data-no-translation=\"\" data-trp-gettext=\"\">Sale!<\/span>\n\t            \t<a href=\"https:\/\/ekitiz.shop\/en\/product\/sumup-air\/\" title=\"SumUp Air\"><img loading=\"lazy\" decoding=\"async\" width=\"1400\" height=\"1492\" src=\"https:\/\/ekitiz.shop\/wp-content\/uploads\/2020\/10\/Air_front_Chip_PIN_Mastercard.png\" class=\"wp-post-image wp-image-10777\" title=\"Air_front_Chip_PIN_Mastercard.png\" alt=\"Air_front_Chip_PIN_Mastercard.png\" srcset=\"https:\/\/ekitiz.shop\/wp-content\/uploads\/2020\/10\/Air_front_Chip_PIN_Mastercard.png 1400w, https:\/\/ekitiz.shop\/wp-content\/uploads\/2020\/10\/Air_front_Chip_PIN_Mastercard-282x300.png 282w, https:\/\/ekitiz.shop\/wp-content\/uploads\/2020\/10\/Air_front_Chip_PIN_Mastercard-961x1024.png 961w, https:\/\/ekitiz.shop\/wp-content\/uploads\/2020\/10\/Air_front_Chip_PIN_Mastercard-768x818.png 768w, https:\/\/ekitiz.shop\/wp-content\/uploads\/2020\/10\/Air_front_Chip_PIN_Mastercard-961x1024-600x639.png 600w\" sizes=\"(max-width: 1400px) 100vw, 1400px\" \/><\/a>\n    <\/figure>\t\t\t\t\t\t\t\t\t\t\t\t\t\t\t\t\t\n\t\t\t\t\t\t\t\t\t\t<div class=\"product-content\">\n\t\t\t\t\t\t\t\t\t\t\n\t\t\t\t\t\t\t\t\t\t\t\t\t\t\t\t\t\t\t\t\t\t\t\t\t\t\t\t\t\t\t\t\t\t<h3 class=\"woocommerce-loop-product__title\">\n\t\t\t\t\t\t\t\t\t\t\t\t\t\t\t\t\t\t\t<a href=\"https:\/\/ekitiz.shop\/en\/product\/sumup-air\/\" title=\"SumUp Air\">\n\t\t\t\t\t\t\t\t\t\t\n\t\t\t\t\t\t\t\t\t\tSumUp Air\n\t\t\t\t\t\t\t\t\t\t\t\t\t\t\t\t\t\t\t\t<\/a>\n\t\t\t\t\t\t\t\t\t\t\t\t\t\t\t\t\t\t<\/h3>\n\t\t\t\t\t\t\t\t\t\t\t\t\t\t\t\t\t  \n\n\t\t\t\t\t\t\t\t\n\t<span class=\"price\"><del aria-hidden=\"true\"><span class=\"woocommerce-Price-amount amount\"><bdi>49,00&nbsp;<span class=\"woocommerce-Price-currencySymbol\">&euro;<\/span><\/bdi><\/span><\/del> <span class=\"screen-reader-text\" data-no-translation=\"\" data-trp-gettext=\"\">Original price was: 49,00&nbsp;&euro;.<\/span><ins aria-hidden=\"true\"><span class=\"woocommerce-Price-amount amount\"><bdi>39,00&nbsp;<span class=\"woocommerce-Price-currencySymbol\">&euro;<\/span><\/bdi><\/span><\/ins><span class=\"screen-reader-text\" data-no-translation=\"\" data-trp-gettext=\"\">Current price is: 39,00&nbsp;&euro;.<\/span> <small class=\"woocommerce-price-suffix\">HT<\/small><\/span>\n\t\t<\/div>\n\t\t\n\t\t\t\t\t\t\t\t\t\t\t\t\t<\/li>\n\t\t\t\t\t\t\t\t\t\t\t\t\t<\/ul>\n\t\t\t\t<\/div>\n\t<!-- module image -->\n<div  class=\"module module-image tb_b69acf0 image-center   tf_mw\" data-lazy=\"1\">\n        <div class=\"image-wrap tf_rel tf_mw\">\n            <img loading=\"lazy\" decoding=\"async\" width=\"1158\" height=\"84\" src=\"https:\/\/ekitiz.shop\/wp-content\/uploads\/2019\/09\/logos-mode-de-paiement.png\" class=\"wp-post-image wp-image-2548\" title=\"logos mode de paiement\" alt=\"logos mode de paiement\" srcset=\"https:\/\/ekitiz.shop\/wp-content\/uploads\/2019\/09\/logos-mode-de-paiement.png 1158w, https:\/\/ekitiz.shop\/wp-content\/uploads\/2019\/09\/logos-mode-de-paiement-300x22.png 300w, https:\/\/ekitiz.shop\/wp-content\/uploads\/2019\/09\/logos-mode-de-paiement-768x56.png 768w, https:\/\/ekitiz.shop\/wp-content\/uploads\/2019\/09\/logos-mode-de-paiement-1024x74.png 1024w, https:\/\/ekitiz.shop\/wp-content\/uploads\/2019\/09\/logos-mode-de-paiement-600x44.png 600w\" sizes=\"(max-width: 1158px) 100vw, 1158px\" \/>    \n        <\/div>\n    <!-- \/image-wrap -->\n    \n        <\/div>\n<!-- \/module image -->        <\/div>\n                        <\/div>\n        <\/div>\n                        <div  data-css_id=\"fabc320\" data-lazy=\"1\" class=\"module_row themify_builder_row fullwidth_row_container tb_fabc320 tf_w\">\n                        <div class=\"row_inner gutter-none col_align_middle tb_col_count_2 tf_box tf_rel\">\n                        <div  data-lazy=\"1\" class=\"module_column tb-column col4-2 tb_7d9a0d8 first\">\n                    <!-- module image -->\n<div  class=\"module module-image tb_a42d1c4 image-center   auto_fullwidth tf_mw\" data-lazy=\"1\">\n        <div class=\"image-wrap tf_rel tf_mw\">\n            <img loading=\"lazy\" decoding=\"async\" src=\"https:\/\/ekitiz.shop\/wp-content\/uploads\/2019\/02\/AiriPhoneX_NFC_Visa-961x1024-600x600.png\" width=\"600\" height=\"600\" class=\"wp-post-image wp-image-450\" title=\"Air+iPhoneX_NFC_Visa\" alt=\"Air+iPhoneX_NFC_Visa\" srcset=\"https:\/\/ekitiz.shop\/wp-content\/uploads\/2019\/02\/AiriPhoneX_NFC_Visa-961x1024-600x600.png 600w, https:\/\/ekitiz.shop\/wp-content\/uploads\/2019\/02\/AiriPhoneX_NFC_Visa-150x150.png 150w, https:\/\/ekitiz.shop\/wp-content\/uploads\/2019\/02\/AiriPhoneX_NFC_Visa-300x300.png 300w, https:\/\/ekitiz.shop\/wp-content\/uploads\/2019\/02\/AiriPhoneX_NFC_Visa-100x100.png 100w\" sizes=\"(max-width: 600px) 100vw, 600px\" \/>    \n        <\/div>\n    <!-- \/image-wrap -->\n    \n        <\/div>\n<!-- \/module image -->        <\/div>\n                    <div  data-lazy=\"1\" class=\"module_column tb-column col4-2 tb_6977a56 last\">\n                    <!-- module text -->\n<div  class=\"module module-text tb_ca473b5  repeat\" data-lazy=\"1\">\n        <div  class=\"tb_text_wrap\">\n        <h2 class=\"&quot;css-1go451t-HeadingElement-heading-baseStyles-heading--zetta-createMediaQueries-createMediaQueries-sizeStyles\">Tarif unique<\/h2>\n<p class=\"&quot;css-1kd39ie-StyledText-text-baseStyles-text--giga-createMediaQueries-createMediaQueries-sizeStyles\">Quelque soit le terminal que vous choisissez, les avantages sont les m\u00eames :<\/p>\n<p>Z\u00e9ro frais de location<\/p>\n<p>Livraison Express en Outremer<\/p>\n<p>Garantie de 1 an<\/p>    <\/div>\n<\/div>\n<!-- \/module text -->        <\/div>\n                        <\/div>\n        <\/div>\n                        <div  data-css_id=\"79e9e77\" data-lazy=\"1\" class=\"module_row themify_builder_row fullwidth tb_79e9e77 tf_w wow\" data-tf-animation=\"fadeIn\">\n                        <div class=\"row_inner col_align_top tb_col_count_1 tf_box tf_rel\">\n                        <div  data-lazy=\"1\" class=\"module_column tb-column col-full tb_451a4e2 first\">\n                    <!-- module text -->\n<div  class=\"module module-text tb_6595e17  repeat\" data-lazy=\"1\">\n        <div  class=\"tb_text_wrap\">\n        <h2 class=\"css-9fqjoj-HeadingElement-heading-baseStyles-heading--tera-createMediaQueries-createMediaQueries-sizeStyles e1e2c8280\">Aucuns frais fixes<\/h2>    <\/div>\n<\/div>\n<!-- \/module text -->        <div  data-lazy=\"1\" class=\"module_subrow themify_builder_sub_row tf_w gutter-none col_align_middle tb_col_count_2 tb_t0l0981\">\n                <div  data-lazy=\"1\" class=\"module_column sub_column col2-1 tb_l8rk982 first\">\n                    <!-- module text -->\n<div  class=\"module module-text tb_0mt6183\" data-lazy=\"1\">\n        <div  class=\"tb_text_wrap\">\n        <p>Applications Android \/ iOS<\/p>    <\/div>\n<\/div>\n<!-- \/module text --><!-- module text -->\n<div  class=\"module module-text tb_4lnr450\" data-lazy=\"1\">\n        <div  class=\"tb_text_wrap\">\n        <p><span style=\"color: #000000;\">Tableau de bord \/ Outils statistiques<\/span><\/p>\n    <\/div>\n<\/div>\n<!-- \/module text --><!-- module text -->\n<div  class=\"module module-text tb_rkst330\" data-lazy=\"1\">\n        <div  class=\"tb_text_wrap\">\n        <p><span style=\"color: #000000;\">Service client par t\u00e9l\u00e9phone \/ e-mail<\/span><\/p>    <\/div>\n<\/div>\n<!-- \/module text --><!-- module text -->\n<div  class=\"module module-text tb_agff155\" data-lazy=\"1\">\n        <div  class=\"tb_text_wrap\">\n        <p><span style=\"color: #000000;\">Virements sur votre compte bancaire<\/span><\/p>    <\/div>\n<\/div>\n<!-- \/module text -->        <\/div>\n                    <div  data-lazy=\"1\" class=\"module_column sub_column col2-1 tb_bw24983 last\">\n                    <!-- module text -->\n<div  class=\"module module-text tb_bfjc107\" data-lazy=\"1\">\n        <div  class=\"tb_text_wrap\">\n        <p>Gratuit<\/p>    <\/div>\n<\/div>\n<!-- \/module text --><!-- module text -->\n<div  class=\"module module-text tb_w17m374\" data-lazy=\"1\">\n        <div  class=\"tb_text_wrap\">\n        <p>Gratuit<\/p>    <\/div>\n<\/div>\n<!-- \/module text --><!-- module text -->\n<div  class=\"module module-text tb_p7ub973\" data-lazy=\"1\">\n        <div  class=\"tb_text_wrap\">\n        <p>Gratuit<\/p>    <\/div>\n<\/div>\n<!-- \/module text --><!-- module text -->\n<div  class=\"module module-text tb_pkvc640\" data-lazy=\"1\">\n        <div  class=\"tb_text_wrap\">\n        <p>2-3 jours<\/p>    <\/div>\n<\/div>\n<!-- \/module text -->        <\/div>\n                    <\/div>\n                <\/div>\n                        <\/div>\n        <\/div>\n                        <div  data-mobile-padding=\"2%,2%\" data-css_id=\"77dbaa4\" data-lazy=\"1\" class=\"module_row themify_builder_row fullwidth_row_container tb_77dbaa4 tf_w\">\n                        <div class=\"row_inner gutter-narrow col_align_middle tb_col_count_1 tf_box tf_rel\">\n                        <div  data-lazy=\"1\" class=\"module_column tb-column col-full tb_d34345b first\">\n                    <!-- module text -->\n<div  class=\"module module-text tb_ad8128d  repeat\" data-lazy=\"1\">\n        <div  class=\"tb_text_wrap\">\n        <h2 class=\"css-1ky9bag-HeadingElement-heading-baseStyles-heading--peta-createMediaQueries-createMediaQueries-sizeStyles e1e2c8280\">Commandez votre terminal SumUp d\u00e8s aujourd&rsquo;hui<\/h2>    <\/div>\n<\/div>\n<!-- \/module text --><!-- module buttons -->\n<div  class=\"module module-buttons tb_52bf8ad buttons-horizontal solid  rounded\" data-lazy=\"1\">\n        <div class=\"module-buttons-item tf_in_flx\">\n                        <a href=\"https:\/\/ekitiz.shop\/categorie-produit\/terminal-de-paiement\/\" class=\"ui builder_button tf_in_flx tb_default_color\" >\n                                                Commander                                        <\/a>\n                <\/div>\n            <\/div>\n<!-- \/module buttons -->\n<!-- module text -->\n<div  class=\"module module-text tb_dcba6b3  repeat\" data-lazy=\"1\">\n        <div  class=\"tb_text_wrap\">\n        <p style=\"text-align: center;\">Envoi sous 3 \u00e0 15 jours ouvr\u00e9s <span id=\"\">en Guadeloupe, Martinique et Guyane,\u00a0<\/span><span id=\"\">Saint-Barth\u00e9l\u00e9my<\/span><span id=\"\">,\u00a0<\/span><span id=\"\">Saint-Martin<\/span><\/p>    <\/div>\n<\/div>\n<!-- \/module text -->        <\/div>\n                        <\/div>\n        <\/div>\n        <\/div>\n<!--\/themify_builder_content--><!-- AddThis Advanced Settings generic via filter on the_content --><!-- AddThis Share Buttons generic via filter on the_content -->","protected":false},"excerpt":{"rendered":"<p>Tarifs Sumup Un taux unique par transaction 1,75%FRAIS DE TRANSACTION 0\u20acFRAIS MENSUELS Terminal SumUp 3G+ DUO &euro;99,00 &ndash; &euro;199,00 HT Promo\u00a0! SumUp Air &euro;79,00 &euro;59,00 HT Terminal SumUp 3G+ &euro;99,00 &ndash; &euro;199,00 HT Tarif unique Quelque soit le terminal que vous choisissez, les avantages sont les m\u00eames : Z\u00e9ro frais de location Livraison Express en [&hellip;]<!-- AddThis Advanced Settings generic via filter on get_the_excerpt --><!-- AddThis Share Buttons generic via filter on get_the_excerpt --><\/p>\n","protected":false},"author":14,"featured_media":0,"parent":0,"menu_order":0,"comment_status":"closed","ping_status":"closed","template":"","meta":{"pmpro_default_level":"","footnotes":""},"class_list":["post-633","page","type-page","status-publish","hentry","pmpro-has-access","has-post-title","has-post-date","has-post-category","has-post-tag","has-post-comment","has-post-author",""],"jetpack_sharing_enabled":true,"builder_content":"<h1>Tarifs Sumup<\/h1> <h2>Un taux unique par transaction<\/h2>\n<p><br \/>1,75%<br \/><strong>FRAIS DE TRANSACTION<\/strong><\/p>\n<p><br \/>0\u20ac<br \/><strong>FRAIS MENSUELS<\/strong><\/p>\n<img src=\"https:\/\/ekitiz.shop\/wp-content\/uploads\/2019\/09\/logos-mode-de-paiement.png\" title=\"logos mode de paiement\" alt=\"logos mode de paiement\" srcset=\"https:\/\/ekitiz.shop\/wp-content\/uploads\/2019\/09\/logos-mode-de-paiement.png 1158w, https:\/\/ekitiz.shop\/wp-content\/uploads\/2019\/09\/logos-mode-de-paiement-300x22.png 300w, https:\/\/ekitiz.shop\/wp-content\/uploads\/2019\/09\/logos-mode-de-paiement-768x56.png 768w, https:\/\/ekitiz.shop\/wp-content\/uploads\/2019\/09\/logos-mode-de-paiement-1024x74.png 1024w, https:\/\/ekitiz.shop\/wp-content\/uploads\/2019\/09\/logos-mode-de-paiement-600x44.png 600w\" sizes=\"(max-width: 1158px) 100vw, 1158px\" \/>\n<img src=\"https:\/\/ekitiz.shop\/wp-content\/uploads\/2019\/02\/AiriPhoneX_NFC_Visa-961x1024-600x600.png\" width=\"600\" height=\"600\" title=\"Air+iPhoneX_NFC_Visa\" alt=\"Air+iPhoneX_NFC_Visa\" srcset=\"https:\/\/ekitiz.shop\/wp-content\/uploads\/2019\/02\/AiriPhoneX_NFC_Visa-961x1024-600x600.png 600w, https:\/\/ekitiz.shop\/wp-content\/uploads\/2019\/02\/AiriPhoneX_NFC_Visa-150x150.png 150w, https:\/\/ekitiz.shop\/wp-content\/uploads\/2019\/02\/AiriPhoneX_NFC_Visa-300x300.png 300w, https:\/\/ekitiz.shop\/wp-content\/uploads\/2019\/02\/AiriPhoneX_NFC_Visa-100x100.png 100w\" sizes=\"(max-width: 600px) 100vw, 600px\" \/>\n<h2>Tarif unique<\/h2> <p>Quelque soit le terminal que vous choisissez, les avantages sont les m\u00eames :<\/p> <p>Z\u00e9ro frais de location<\/p> <p>Livraison Express en Outremer<\/p> <p>Garantie de 1 an<\/p>\n<h2>Aucuns frais fixes<\/h2>\n<p>Applications Android \/ iOS<\/p>\n<p>Tableau de bord \/ Outils statistiques<\/p>\n<p>Service client par t\u00e9l\u00e9phone \/ e-mail<\/p>\n<p>Virements sur votre compte bancaire<\/p>\n<p>Gratuit<\/p>\n<p>Gratuit<\/p>\n<p>Gratuit<\/p>\n<p>2-3 jours<\/p>\n<h2>Commandez votre terminal SumUp d\u00e8s aujourd'hui<\/h2>\n<a href=\"https:\/\/ekitiz.shop\/categorie-produit\/terminal-de-paiement\/\" > Commander <\/a>\n<p style=\"text-align: center;\">Envoi sous 3 \u00e0 15 jours ouvr\u00e9s en Guadeloupe, Martinique et Guyane,\u00a0Saint-Barth\u00e9l\u00e9my,\u00a0Saint-Martin<\/p>","_links":{"self":[{"href":"https:\/\/ekitiz.shop\/en\/wp-json\/wp\/v2\/pages\/633"}],"collection":[{"href":"https:\/\/ekitiz.shop\/en\/wp-json\/wp\/v2\/pages"}],"about":[{"href":"https:\/\/ekitiz.shop\/en\/wp-json\/wp\/v2\/types\/page"}],"author":[{"embeddable":true,"href":"https:\/\/ekitiz.shop\/en\/wp-json\/wp\/v2\/users\/14"}],"replies":[{"embeddable":true,"href":"https:\/\/ekitiz.shop\/en\/wp-json\/wp\/v2\/comments?post=633"}],"version-history":[{"count":13,"href":"https:\/\/ekitiz.shop\/en\/wp-json\/wp\/v2\/pages\/633\/revisions"}],"predecessor-version":[{"id":11441,"href":"https:\/\/ekitiz.shop\/en\/wp-json\/wp\/v2\/pages\/633\/revisions\/11441"}],"wp:attachment":[{"href":"https:\/\/ekitiz.shop\/en\/wp-json\/wp\/v2\/media?parent=633"}],"curies":[{"name":"wp","href":"https:\/\/api.w.org\/{rel}","templated":true}]}}