{"id":2883,"date":"2019-10-28T15:52:57","date_gmt":"2019-10-28T14:52:57","guid":{"rendered":"https:\/\/ekitiz.shop\/?page_id=2883"},"modified":"2019-10-28T15:52:58","modified_gmt":"2019-10-28T14:52:58","slug":"politique-de-cookies","status":"publish","type":"page","link":"https:\/\/ekitiz.shop\/en\/politique-de-cookies\/","title":{"rendered":"Politique de Cookies"},"content":{"rendered":"<div class=\"cli_pg_page_contaner\">\n<h3>\u00c0 propos de cette politique de cookie<\/h3>\n<div>\n<p>Cette politique de cookie explique ce que sont les cookies et comment nous les utilisons. Vous devriez lire cette politique pour comprendre ce que sont les cookies, comment nous les utilisons, les types de cookies que nous utilisons, c\u2019est-\u00e0-dire les informations que nous recueillons \u00e0 l\u2019aide de cookies, comment ces informations sont utilis\u00e9es et comment contr\u00f4ler les pr\u00e9f\u00e9rences en mati\u00e8re de cookies. Pour plus d&rsquo;informations sur la mani\u00e8re dont nous utilisons, stockons et conservons vos donn\u00e9es personnelles en toute s\u00e9curit\u00e9, consultez notre politique de confidentialit\u00e9.<\/p>\n<p>Vous pouvez \u00e0 tout moment modifier ou retirer votre consentement de la d\u00e9claration de cookie figurant sur notre site Web.<\/p>\n<p>En savoir plus sur qui nous sommes, comment nous contacter et comment nous traitons les donn\u00e9es personnelles dans notre politique de confidentialit\u00e9.<\/p>\n<p>Votre consentement s&rsquo;applique aux domaines suivants: <a href=\"https:\/\/ekitiz.shop\">ekitiz.shop<\/a><\/p>\n<div class=\"cli_user_consent_state\">Your current state: No consent given. <a class=\"cli_manage_current_consent\" style=\"cursor:pointer;text-decoration:underline;\">Manage your consent.<\/a> <\/div>\n<\/div>\n<h3>Que sont les cookies?<\/h3>\n<div>\n<p>Les cookies sont de petits fichiers texte utilis\u00e9s pour stocker de petites informations. Les cookies sont stock\u00e9s sur votre appareil lorsque le site Web est charg\u00e9 sur votre navigateur. Ces cookies nous aident \u00e0 faire fonctionner le site Web correctement, \u00e0 le s\u00e9curiser davantage, \u00e0 offrir une meilleure exp\u00e9rience utilisateur, \u00e0 comprendre le fonctionnement du site Web et \u00e0 analyser ce qui fonctionne et les points \u00e0 am\u00e9liorer.<\/p>\n<\/div>\n<h3>Comment utilisons-nous les cookies?<\/h3>\n<div>\n<p>Comme la plupart des services en ligne, notre site Web utilise des cookies de tiers et de tiers \u00e0 diverses fins. Les cookies de premi\u00e8re partie sont essentiellement n\u00e9cessaires au bon fonctionnement du site Web. Ils ne collectent aucune de vos donn\u00e9es personnellement identifiables.<\/p>\n<p>Les cookies tiers utilis\u00e9s sur nos sites Web servent principalement \u00e0 comprendre le fonctionnement de ce site, votre interaction avec notre site Web, la s\u00e9curit\u00e9 de nos services, la diffusion d\u2019annonces publicitaires qui vous int\u00e9ressent et l\u2019ensemble de vos r\u00e9sultats. exp\u00e9rience utilisateur et aide \u00e0 acc\u00e9l\u00e9rer vos interactions futures avec notre site Web.<\/p>\n<\/div>\n<h3>Quels types de cookies utilisons-nous?<\/h3>\n<div>\n<p><strong>Essentiel:<\/strong> Certains cookies sont essentiels pour que vous puissiez profiter de toutes les fonctionnalit\u00e9s de notre site. Ils nous permettent de maintenir des sessions utilisateur et de pr\u00e9venir toute menace \u00e0 la s\u00e9curit\u00e9. Ils ne collectent ni ne stockent aucune information personnelle. Par exemple, ces cookies vous permettent de vous connecter \u00e0 votre compte, d&rsquo;ajouter des produits \u00e0 votre panier et de passer en toute s\u00e9curit\u00e9.<\/p>\n<p><strong>Statistiques:<\/strong> Ces cookies stockent des informations telles que le nombre de visiteurs sur le site Web, le nombre de visiteurs uniques, les pages du site Web consult\u00e9es, la source de la visite, etc. Ces donn\u00e9es nous aident \u00e0 comprendre et \u00e0 analyser le fonctionnement du site Web. o\u00f9 il a besoin d&rsquo;am\u00e9lioration.<\/p>\n<p><strong>Marketing:<\/strong> Notre site Web affiche des publicit\u00e9s. Ces cookies sont utilis\u00e9s pour personnaliser les publicit\u00e9s que nous vous montrons afin qu&rsquo;elles aient un sens pour vous. Ces cookies nous aident \u00e9galement \u00e0 suivre l&rsquo;efficacit\u00e9 de ces campagnes publicitaires.<\/p>\n<p>Les informations stock\u00e9es dans ces cookies peuvent \u00e9galement \u00eatre utilis\u00e9es par les fournisseurs d\u2019annonces tiers pour vous montrer \u00e9galement des annonces sur d\u2019autres sites Web du navigateur.<\/p>\n<p><strong>Fonctionnel:<\/strong> Ce sont les cookies qui aident certaines fonctionnalit\u00e9s non essentielles sur notre site Web. Ces fonctionnalit\u00e9s incluent l\u2019int\u00e9gration de contenus tels que des vid\u00e9os ou le partage de contenus sur le site Web sur des plates-formes de m\u00e9dias sociaux.<\/p>\n<p><strong>Pr\u00e9f\u00e9rences:<\/strong> Ces cookies nous aident \u00e0 enregistrer vos param\u00e8tres et vos pr\u00e9f\u00e9rences de navigation, comme vos pr\u00e9f\u00e9rences de langue, afin de vous permettre de vivre une exp\u00e9rience meilleure et plus efficace lors de vos prochaines visites sur le site.<\/p>\n\n<\/div>\n<h3>Comment puis-je contr\u00f4ler les pr\u00e9f\u00e9rences de cookie?<\/h3>\n<div>\n<p>Si vous d\u00e9cidez de modifier vos pr\u00e9f\u00e9rences ult\u00e9rieurement au cours de votre session de navigation, vous pouvez cliquer sur l&rsquo;onglet \u00ab\u00a0Politique de confidentialit\u00e9 et cookies\u00a0\u00bb de votre \u00e9cran. Cela affichera \u00e0 nouveau l&rsquo;avis de consentement, ce qui vous permettra de modifier vos pr\u00e9f\u00e9rences ou de retirer votre consentement compl\u00e8tement.<\/p>\n<p>En outre, diff\u00e9rents navigateurs proposent diff\u00e9rentes m\u00e9thodes pour bloquer et supprimer les cookies utilis\u00e9s par les sites Web. Vous pouvez modifier les param\u00e8tres de votre navigateur pour bloquer \/ supprimer les cookies. Pour en savoir plus sur la gestion et la suppression des cookies, visitez le site <a href=\"https:\/\/en.wikipedia.org\/wiki\/HTTP_cookie\" target=\"_blank\" rel=\"nofollow noopener noreferrer\">wikipedia.org<\/a>, <a href=\"http:\/\/www.allaboutcookies.org\/\" target=\"_blank\" rel=\"nofollow noopener noreferrer\">www.allaboutcookies.org.<\/a><\/p>\n<\/div>\n<\/div><!-- wp:themify-builder\/canvas \/--><!-- AddThis Advanced Settings generic via filter on the_content --><!-- AddThis Share Buttons generic via filter on the_content -->","protected":false},"excerpt":{"rendered":"<p>\u00c0 propos de cette politique de cookie Cette politique de cookie explique ce que sont les cookies et comment nous les utilisons. Vous devriez lire cette politique pour comprendre ce que sont les cookies, comment nous les utilisons, les types de cookies que nous utilisons, c\u2019est-\u00e0-dire les informations que nous recueillons \u00e0 l\u2019aide de cookies, [&hellip;]<!-- AddThis Advanced Settings generic via filter on get_the_excerpt --><!-- AddThis Share Buttons generic via filter on get_the_excerpt --><\/p>\n","protected":false},"author":14,"featured_media":0,"parent":0,"menu_order":0,"comment_status":"closed","ping_status":"closed","template":"","meta":{"pmpro_default_level":"","footnotes":""},"class_list":["post-2883","page","type-page","status-publish","hentry","pmpro-has-access","has-post-title","has-post-date","has-post-category","has-post-tag","has-post-comment","has-post-author",""],"jetpack_sharing_enabled":true,"builder_content":"","_links":{"self":[{"href":"https:\/\/ekitiz.shop\/en\/wp-json\/wp\/v2\/pages\/2883"}],"collection":[{"href":"https:\/\/ekitiz.shop\/en\/wp-json\/wp\/v2\/pages"}],"about":[{"href":"https:\/\/ekitiz.shop\/en\/wp-json\/wp\/v2\/types\/page"}],"author":[{"embeddable":true,"href":"https:\/\/ekitiz.shop\/en\/wp-json\/wp\/v2\/users\/14"}],"replies":[{"embeddable":true,"href":"https:\/\/ekitiz.shop\/en\/wp-json\/wp\/v2\/comments?post=2883"}],"version-history":[{"count":1,"href":"https:\/\/ekitiz.shop\/en\/wp-json\/wp\/v2\/pages\/2883\/revisions"}],"predecessor-version":[{"id":2884,"href":"https:\/\/ekitiz.shop\/en\/wp-json\/wp\/v2\/pages\/2883\/revisions\/2884"}],"wp:attachment":[{"href":"https:\/\/ekitiz.shop\/en\/wp-json\/wp\/v2\/media?parent=2883"}],"curies":[{"name":"wp","href":"https:\/\/api.w.org\/{rel}","templated":true}]}}