{"id":11196,"date":"2021-05-04T18:51:12","date_gmt":"2021-05-04T16:51:12","guid":{"rendered":"https:\/\/ekitiz.shop\/?page_id=11196"},"modified":"2021-05-11T12:01:05","modified_gmt":"2021-05-11T10:01:05","slug":"demande-de-devis-kitz-cash","status":"publish","type":"page","link":"https:\/\/ekitiz.shop\/en\/demande-de-devis-kitz-cash\/","title":{"rendered":"Demande de Devis Kit&rsquo;z Cash"},"content":{"rendered":"<!--themify_builder_content-->\n<div id=\"themify_builder_content-11196\" data-postid=\"11196\" class=\"themify_builder_content themify_builder_content-11196 themify_builder tf_clear\">\n                    <div  data-lazy=\"1\" class=\"module_row themify_builder_row tb_05t4518 tb_first tf_w\">\n                        <div class=\"row_inner col_align_top tb_col_count_1 tf_box tf_rel\">\n                        <div  data-lazy=\"1\" class=\"module_column tb-column col-full tb_gpmy519 first\">\n                    <!-- module fancy heading -->\n<div  class=\"module module-fancy-heading tb_4z1x821\" data-lazy=\"1\">\n        <h1 class=\"fancy-heading\">\n    <span class=\"main-head tf_block\">\n                    Demande de devis Kit'z cash            <\/span>\n\n    \n    <span class=\"sub-head tf_block tf_rel\">\n                    Envoyez nous votre demande            <\/span>\n    <\/h1>\n<\/div>\n<!-- \/module fancy heading -->\n<!-- module contact -->\n<div  id=\"tb_an2j275\" class=\"module module-contact tb_an2j275 contact-style2\" data-lazy=\"1\">\n    \n\t<form class=\"builder-contact\"\n\t\tid=\"tb_an2j275-form\"\n\t\tmethod=\"post\"\n\t\tdata-post-id=\"11196\"\n\t\tdata-element-id=\"an2j275\"\n\t\tdata-orig-id=\"11196\" action=\"\"\n\t>\n    <div class=\"contact-message\"><\/div>\n\t<input type=\"hidden\" id=\"bc_nonce\" name=\"bc_nonce\" value=\"a742d7900e\" \/><input type=\"hidden\" name=\"_wp_http_referer\" value=\"\/en\/wp-json\/wp\/v2\/pages\/11196\" \/>\t<div class=\"builder-contact-fields tf_rel\">\n\t\t    \t\t    \t\t    <div class=\"builder-contact-field builder-contact-field-extra builder-contact-text-field\">\n\t\t\t\t\n\t\t\t\t<label class=\"control-label\" for=\"field_extra_tb_an2j275_0\">\n\t\t\t\t\t\n\t\t\t\t\tPrenom\t\t\t\t\t\t\t\t\t\t\t<input type=\"hidden\" name=\"field_extra_name_0\" value=\"Prenom\">\n\t\t\t\t\t\t\t\t\t\t\t<span class=\"required\">*<\/span>\n\t\t\t\t\t\t\t\t\t<\/label>\n\t\t\t\t<div class=\"control-input tf_rel\">\n\t\t\t\t\t\t\t\t\t\t\t<input type=\"text\" name=\"field_extra_0\" id=\"field_extra_tb_an2j275_0\" placeholder=\"Pr\u00e9nom\" class=\"form-control\" required>\n\t\t\t\t\t\n\t\t\t\t\t\t\t\t\t<\/div>\n\t\t    <\/div>\n\t    \n\t\t    \t\t    <div class=\"builder-contact-field builder-contact-field-name builder-contact-text-field\">\n\t\t\t    <label class=\"control-label\" for=\"tb_an2j275-contact-name\">\n\t\t\t\t\t\t\t\t\t\t<span class=\"tb-label-span\">Nom <\/span><span class=\"required\">*<\/span>\t\t\t\t<\/label>\n\t\t\t    <div class=\"control-input tf_rel\">\n\t\t\t\t    \t\t\t\t\t    <input type=\"text\" name=\"contact-name\" placeholder=\"\" id=\"tb_an2j275-contact-name\" value=\"\" class=\"form-control\" required>\n\t\t\t\t    \t\t\t\t    \t\t\t    <\/div>\n\t\t<\/div>\n\t    \n\t\t    \t\t    <div class=\"builder-contact-field builder-contact-field-email builder-contact-text-field\">\n\t\t\t    <label class=\"control-label\" for=\"tb_an2j275-contact-email\">\n\t\t\t\t\t\t\t\t\t\t<span class=\"tb-label-span\">Email <\/span><span class=\"required\">*<\/span>\t\t\t\t<\/label>\n\t\t\t    <div class=\"control-input tf_rel\">\n\t\t\t\t    \t\t\t\t\t    <input type=\"email\" name=\"contact-email\" placeholder=\"\" id=\"tb_an2j275-contact-email\" value=\"\" class=\"form-control\" required>\n\t\t\t\t    \t\t\t\t    \t\t\t    <\/div>\n\t\t<\/div>\n\t    \n\t\t    \t\t    \t\t    <div class=\"builder-contact-field builder-contact-field-extra builder-contact-text-field builder-contact-tel-field\">\n\t\t\t\t\n\t\t\t\t<label class=\"control-label\" for=\"field_extra_tb_an2j275_1\">\n\t\t\t\t\t\n\t\t\t\t\tT\u00e9l\u00e9phone\t\t\t\t\t\t\t\t\t\t\t<input type=\"hidden\" name=\"field_extra_name_1\" value=\"T\u00e9l\u00e9phone\">\n\t\t\t\t\t\t\t\t\t<\/label>\n\t\t\t\t<div class=\"control-input tf_rel\">\n\t\t\t\t\t\t\t\t\t\t\t<input type=\"tel\" name=\"field_extra_1\" id=\"field_extra_tb_an2j275_1\" placeholder=\"Votre num\u00e9ro de t\u00e9l\u00e9phone\" class=\"form-control\">\n\t\t\t\t\t\n\t\t\t\t\t\t\t\t\t<\/div>\n\t\t    <\/div>\n\t    \n\t\t    \t\t    \t\t    <div class=\"builder-contact-field builder-contact-field-extra builder-contact-select-field\">\n\t\t\t\t\n\t\t\t\t<label class=\"control-label\" for=\"field_extra_tb_an2j275_2\">\n\t\t\t\t\t\n\t\t\t\t\tFormule demand\u00e9e\t\t\t\t\t\t\t\t\t\t\t<input type=\"hidden\" name=\"field_extra_name_2\" value=\"Formule demand\u00e9e\">\n\t\t\t\t\t\t\t\t\t\t\t<span class=\"required\">*<\/span>\n\t\t\t\t\t\t\t\t\t<\/label>\n\t\t\t\t<div class=\"control-input tf_rel\">\n\t\t\t\t\t\t\t\t\t\t\t\t\t\t\t\t\t\t<select id=\"field_extra_tb_an2j275_2\" name=\"field_extra_2\" class=\"form-control tf_scrollbar\" required>\n\t\t\t\t\t\t\t\t\t\t\t\t\t\t\t\t\t\t\t\t\t\t\t\t\t<option value=\"Kit&#039;z Cash Silver\"> Kit'z Cash Silver <\/option>\n\t\t\t\t\t\t\t\t\t\t\t\t\t\t\t\t\t<option value=\"Kit&#039;z Cash Gold\"> Kit'z Cash Gold <\/option>\n\t\t\t\t\t\t\t\t\t\t\t\t\t\t\t\t\t<option value=\"Kit&#039;z Cash Premium\"> Kit'z Cash Premium <\/option>\n\t\t\t\t\t\t\t\t\t\t\t\t\t\t\t\t\t<option value=\"Accessoires Kit&#039;z Cash\"> Accessoires Kit'z Cash <\/option>\n\t\t\t\t\t\t\t\t\t\t\t\t\t\t\t<\/select>\n\t\t\t\t\t\t\t\t\t\t\t\n\t\t\t\t\t\t\t\t\t<\/div>\n\t\t    <\/div>\n\t    \n\t\t    \t\t    <div class=\"builder-contact-field builder-contact-field-message builder-contact-textarea-field\">\n\t\t\t    <label class=\"control-label\" for=\"tb_an2j275-contact-message\">\n\t\t\t\t\t\t\t\t\t\t<span class=\"tb-label-span\">Message <\/span>\t\t\t\t<\/label>\n\t\t\t    <div class=\"control-input tf_rel\">\n\t\t\t\t    \t\t\t\t\t    <textarea name=\"contact-message\" placeholder=\"\" id=\"tb_an2j275-contact-message\" class=\"form-control\"><\/textarea>\n\t\t\t\t    \t\t\t\t    \t\t\t    <\/div>\n\t\t<\/div>\n\t    \n\t\t    \t\t<div class=\"builder-contact-field builder-contact-field-sendcopy\">\n\t\t    <div class=\"control-label\">\n\t\t\t\t<div class=\"control-input tf_rel\">\n\t\t\t\t\t<label class=\"send-copy\">\n\t\t\t\t\t\t<input type=\"checkbox\" name=\"contact-sendcopy\" id=\"tb_an2j275-sendcopy\" value=\"1\">\n\t\t\t\t\t\t<span>M'envoyer une copie<\/span>\n\t\t\t\t\t<\/label>\n\t\t\t\t<\/div>\n\t\t    <\/div>\n\t\t<\/div>\n\t    \t\t\n\t\t\t\t\t<div class=\"builder-contact-field builder-contact-field-gdpr\">\n\t\t\t\t<div class=\"control-label\">\n\t\t\t\t\t<div class=\"control-input tf_rel\">\n\t\t\t\t\t\t<label class=\"field-gdpr\">\n\t\t\t\t\t\t\t<input type=\"checkbox\" name=\"gdpr\" value=\"1\" required>\n\t\t\t\t\t\t\t<span>Je consens \u00e0 ce que mes donn\u00e9es soumises soient collect\u00e9es et stock\u00e9es<\/span>\n\t\t\t\t\t\t\t<span class=\"required\">*<\/span>\n\t\t\t\t\t\t<\/label>\n\t\t\t\t\t<\/div>\n\t\t\t\t<\/div>\n\t\t\t<\/div>\n\t\t\n\t    \t\t\t<div class=\"builder-contact-field builder-contact-field-captcha\">\n\n\t\t\t\t\n\t\t\t\t<div class=\"control-input tf_rel\">\n                    <div class=\"themify_captcha_field\" data-sitekey=\"6LfrFZQaAAAAAPIofcBcFeiB9eY7Ab20bxuWRn88\" data-ver=\"v3\"><\/div>\t\t\t\t<\/div>\n\n\t\t\t<\/div><!-- .builder-contact-field-captcha -->\n\t    \n\t    <div class=\"builder-contact-field builder-contact-field-send control-input tf_textl tf_clear tf_rel\">\n\t\t\t<button type=\"submit\" class=\"btn btn-primary\">\n\t\t\t\t<span class=\"tf_loader\"><\/span>\t\t\t\t<span class=\"tf_submit_icon\"><\/span> \n\t\t\t\tEnvoyer\t\t\t<\/button>\n\t    <\/div>\n\t<\/div>\n    <input type=\"hidden\" name=\"trp-form-language\" value=\"en\"\/><\/form>\n    <\/div>\n<!-- \/module contact -->\n        <\/div>\n                        <\/div>\n        <\/div>\n        <\/div>\n<!--\/themify_builder_content--><!-- AddThis Advanced Settings generic via filter on the_content --><!-- AddThis Share Buttons generic via filter on the_content -->","protected":false},"excerpt":{"rendered":"<p>Demande de devis Kit&rsquo;z cashEnvoyez nous votre demande Prenom * Nom * Email * T\u00e9l\u00e9phone Formule demand\u00e9e * Kit&rsquo;z Cash Silver Kit&rsquo;z Cash Gold Kit&rsquo;z Cash Premium Accessoires Kit&rsquo;z Cash Message * M&rsquo;envoyer une copie Je consens \u00e0 ce que mes donn\u00e9es soumises soient collect\u00e9es et stock\u00e9es * Envoyer<!-- AddThis Advanced Settings generic via filter on get_the_excerpt --><!-- AddThis Share Buttons generic via filter on get_the_excerpt --><\/p>","protected":false},"author":14,"featured_media":0,"parent":0,"menu_order":0,"comment_status":"closed","ping_status":"closed","template":"","meta":{"pmpro_default_level":"","footnotes":""},"class_list":["post-11196","page","type-page","status-publish","hentry","pmpro-has-access","has-post-title","has-post-date","has-post-category","has-post-tag","has-post-comment","has-post-author",""],"jetpack_sharing_enabled":true,"builder_content":"<h1>Demande de devis Kit'z cash<br\/>Envoyez nous votre demande<\/h1>\n<form id=\"tb_an2j275-form\" method=\"post\" data-post-id=\"0\" data-element-id=\"an2j275\" data-orig-id=\"11196\" > <input type=\"hidden\" id=\"bc_nonce\" name=\"bc_nonce\" value=\"a742d7900e\" \/><input type=\"hidden\" name=\"_wp_http_referer\" value=\"\/en\/wp-json\/wp\/v2\/pages\/11196\" \/> <label for=\"field_extra_tb_an2j275_0\"> Prenom <input type=\"hidden\" name=\"field_extra_name_0\" value=\"Prenom\"> * <\/label> <input type=\"text\" name=\"field_extra_0\" id=\"field_extra_tb_an2j275_0\" placeholder=\"Pr\u00e9nom\" required> <label for=\"tb_an2j275-contact-name\"> Nom * <\/label> <input type=\"text\" name=\"contact-name\" placeholder=\"\" id=\"tb_an2j275-contact-name\" value=\"\" required> <label for=\"tb_an2j275-contact-email\"> Email * <\/label> <input type=\"email\" name=\"contact-email\" placeholder=\"\" id=\"tb_an2j275-contact-email\" value=\"\" required> <label for=\"field_extra_tb_an2j275_1\"> T\u00e9l\u00e9phone <input type=\"hidden\" name=\"field_extra_name_1\" value=\"T\u00e9l\u00e9phone\"> <\/label> <input type=\"tel\" name=\"field_extra_1\" id=\"field_extra_tb_an2j275_1\" placeholder=\"Votre num\u00e9ro de t\u00e9l\u00e9phone\"> <label for=\"field_extra_tb_an2j275_2\"> Formule demand\u00e9e <input type=\"hidden\" name=\"field_extra_name_2\" value=\"Formule demand\u00e9e\"> * <\/label> <select id=\"field_extra_tb_an2j275_2\" name=\"field_extra_2\" required> <option value=\"Kit&#039;z Cash Silver\"> Kit'z Cash Silver <\/option> <option value=\"Kit&#039;z Cash Gold\"> Kit'z Cash Gold <\/option> <option value=\"Kit&#039;z Cash Premium\"> Kit'z Cash Premium <\/option> <option value=\"Accessoires Kit&#039;z Cash\"> Accessoires Kit'z Cash <\/option> <\/select> <label for=\"tb_an2j275-contact-message\"> Message <\/label> <textarea name=\"contact-message\" placeholder=\"\" id=\"tb_an2j275-contact-message\"><\/textarea> <label> <input type=\"checkbox\" name=\"contact-sendcopy\" id=\"tb_an2j275-sendcopy\" value=\"1\"> M'envoyer une copie <\/label> <label> <input type=\"checkbox\" name=\"gdpr\" value=\"1\" required> Je consens \u00e0 ce que mes donn\u00e9es soumises soient collect\u00e9es et stock\u00e9es * <\/label> \n \n <button type=\"submit\"> Envoyer <\/button> <\/form>","_links":{"self":[{"href":"https:\/\/ekitiz.shop\/en\/wp-json\/wp\/v2\/pages\/11196"}],"collection":[{"href":"https:\/\/ekitiz.shop\/en\/wp-json\/wp\/v2\/pages"}],"about":[{"href":"https:\/\/ekitiz.shop\/en\/wp-json\/wp\/v2\/types\/page"}],"author":[{"embeddable":true,"href":"https:\/\/ekitiz.shop\/en\/wp-json\/wp\/v2\/users\/14"}],"replies":[{"embeddable":true,"href":"https:\/\/ekitiz.shop\/en\/wp-json\/wp\/v2\/comments?post=11196"}],"version-history":[{"count":5,"href":"https:\/\/ekitiz.shop\/en\/wp-json\/wp\/v2\/pages\/11196\/revisions"}],"predecessor-version":[{"id":11239,"href":"https:\/\/ekitiz.shop\/en\/wp-json\/wp\/v2\/pages\/11196\/revisions\/11239"}],"wp:attachment":[{"href":"https:\/\/ekitiz.shop\/en\/wp-json\/wp\/v2\/media?parent=11196"}],"curies":[{"name":"wp","href":"https:\/\/api.w.org\/{rel}","templated":true}]}}